{"id":4785,"date":"2023-10-19T11:45:21","date_gmt":"2023-10-19T11:45:21","guid":{"rendered":"https:\/\/azemad.assemble.website\/acerca\/"},"modified":"2024-10-04T15:39:23","modified_gmt":"2024-10-04T15:39:23","slug":"acerca","status":"publish","type":"page","link":"https:\/\/sport.azemad.com\/es\/acerca\/","title":{"rendered":"Acerca"},"content":{"rendered":"\t\t<div data-elementor-type=\"wp-page\" data-elementor-id=\"4785\" class=\"elementor elementor-4785 elementor-51\" data-elementor-post-type=\"page\">\n\t\t\t\t<div class=\"elementor-element elementor-element-d3c6fd3 e-con-full e-flex e-con e-parent\" data-id=\"d3c6fd3\" data-element_type=\"container\" data-e-type=\"container\" data-settings=\"{&quot;background_background&quot;:&quot;video&quot;,&quot;background_video_link&quot;:&quot;https:\\\/\\\/sport.azemad.com\\\/wp-content\\\/uploads\\\/azemad-sobre.mp4&quot;,&quot;background_play_on_mobile&quot;:&quot;yes&quot;}\">\n\t\t<div class=\"elementor-background-video-container\">\n\t\t\t\t\t\t\t<video class=\"elementor-background-video-hosted\" role=\"presentation\" autoplay muted playsinline loop><\/video>\n\t\t\t\t\t<\/div>\t\t<div class=\"elementor-element elementor-element-8b2aeff elementor-widget__width-inherit elementor-widget elementor-widget-heading\" data-id=\"8b2aeff\" data-element_type=\"widget\" data-e-type=\"widget\" data-widget_type=\"heading.default\">\n\t\t\t\t<div class=\"elementor-widget-container\">\n\t\t\t\t\t<h1 class=\"elementor-heading-title elementor-size-default\">Empresa<\/h1>\t\t\t\t<\/div>\n\t\t\t\t<\/div>\n\t\t\t\t<div class=\"elementor-element elementor-element-ea8fadb elementor-widget elementor-widget-heading\" data-id=\"ea8fadb\" data-element_type=\"widget\" data-e-type=\"widget\" data-widget_type=\"heading.default\">\n\t\t\t\t<div class=\"elementor-widget-container\">\n\t\t\t\t\t<h2 class=\"elementor-heading-title elementor-size-default\">SOBRE NOSOTROS<\/h2>\t\t\t\t<\/div>\n\t\t\t\t<\/div>\n\t\t\t\t<\/div>\n\t\t<div class=\"elementor-element elementor-element-cb04dde e-flex e-con-boxed e-con e-parent\" data-id=\"cb04dde\" data-element_type=\"container\" data-e-type=\"container\">\n\t\t\t\t\t<div class=\"e-con-inner\">\n\t\t\t\t<div class=\"elementor-element elementor-element-77d4ca1 elementor-widget__width-initial elementor-widget elementor-widget-heading\" data-id=\"77d4ca1\" data-element_type=\"widget\" data-e-type=\"widget\" data-widget_type=\"heading.default\">\n\t\t\t\t<div class=\"elementor-widget-container\">\n\t\t\t\t\t<p class=\"elementor-heading-title elementor-size-default\">AZEMAD, inicialmente llamada <strong>\u201cArte em Madeira\u201d<\/strong>, fue fundada em <strong>1966<\/strong>, se destac\u00f3 en la especializaci\u00f3n del tratamiento de la madera, como principal materia prima y en la producci\u00f3n de muebles..<br>\n\nCon sus piezas \u00fanicas, exclusivas y de alta calidad, creadas por artesanos talentosos que se desaf\u00edan a s\u00ed mismos d\u00eda a d\u00eda, combinan las mejores t\u00e9cnicas tradicionales con un estilo moderno y contempor\u00e1neo que permiten a la empresa seguir siendo una referencia en el mercado nacional e internacional hace m\u00e1s de cinco d\u00e9cadas.<br>\n\nLa tradici\u00f3n, el orgullo en sus ra\u00edces, la experiencia y el conocimiento de los profesionales que han acompa\u00f1ado la evoluci\u00f3n de la empresa desde su fundaci\u00f3n, combinado con la visi\u00f3n innovadora de sus gerentes, actualmente bajo la administraci\u00f3n de los hijos del fundador, Ant\u00f3nio dos Santos Martins, permiten una gran capacidad de adaptaci\u00f3n a las necesidades y la volatilidad del mercado, sin dejar a un lado la pasi\u00f3n y los valores por los que siempre se han guiado.<\/p>\t\t\t\t<\/div>\n\t\t\t\t<\/div>\n\t\t\t\t<div class=\"elementor-element elementor-element-12ad537 elementor-widget elementor-widget-image\" data-id=\"12ad537\" data-element_type=\"widget\" data-e-type=\"widget\" data-widget_type=\"image.default\">\n\t\t\t\t<div class=\"elementor-widget-container\">\n\t\t\t\t\t\t\t\t\t\t\t\t\t\t\t<img fetchpriority=\"high\" decoding=\"async\" width=\"2369\" height=\"1173\" src=\"https:\/\/sport.azemad.com\/wp-content\/uploads\/2023\/10\/fabrica_azemad.png\" class=\"attachment-full size-full wp-image-1817\" alt=\"\" srcset=\"https:\/\/sport.azemad.com\/wp-content\/uploads\/2023\/10\/fabrica_azemad.png 2369w, https:\/\/sport.azemad.com\/wp-content\/uploads\/2023\/10\/fabrica_azemad-300x149.png 300w, https:\/\/sport.azemad.com\/wp-content\/uploads\/2023\/10\/fabrica_azemad-600x297.png 600w, https:\/\/sport.azemad.com\/wp-content\/uploads\/2023\/10\/fabrica_azemad-1024x507.png 1024w, https:\/\/sport.azemad.com\/wp-content\/uploads\/2023\/10\/fabrica_azemad-768x380.png 768w, https:\/\/sport.azemad.com\/wp-content\/uploads\/2023\/10\/fabrica_azemad-1536x761.png 1536w, https:\/\/sport.azemad.com\/wp-content\/uploads\/2023\/10\/fabrica_azemad-2048x1014.png 2048w, https:\/\/sport.azemad.com\/wp-content\/uploads\/2023\/10\/fabrica_azemad-1320x654.png 1320w\" sizes=\"(max-width: 2369px) 100vw, 2369px\" \/>\t\t\t\t\t\t\t\t\t\t\t\t\t\t\t<\/div>\n\t\t\t\t<\/div>\n\t\t\t\t<div class=\"elementor-element elementor-element-4a1e0d3 elementor-widget__width-initial elementor-widget elementor-widget-heading\" data-id=\"4a1e0d3\" data-element_type=\"widget\" data-e-type=\"widget\" data-widget_type=\"heading.default\">\n\t\t\t\t<div class=\"elementor-widget-container\">\n\t\t\t\t\t<p class=\"elementor-heading-title elementor-size-default\">Considerando la constante evoluci\u00f3n de las necesidades de los consumidores, junto con una apuesta permanente por la innovaci\u00f3n tecnol\u00f3gica, el renovado paradigma empresarial de AZEMAD se basa ahora en 2 \u00e1reas de negocio que hacen referencia al \"Arte en Madera\": Wooliv (Muebles de alta calidad) y Sport (Art\u00edculos deportivos).\nAdem\u00e1s, el excepcional nivel de experiencia mostrado en nuestros muebles de alta calidad ha llamado la atenci\u00f3n de los clientes de proyectos de hosteler\u00eda que buscan en nosotros la creaci\u00f3n de espacios \u00fanicos - Contract.<\/p>\t\t\t\t<\/div>\n\t\t\t\t<\/div>\n\t\t<div class=\"elementor-element elementor-element-525517b e-con-full azemad-group-on-click e-flex e-con e-child\" data-id=\"525517b\" data-element_type=\"container\" data-e-type=\"container\">\n\t\t<div class=\"elementor-element elementor-element-0481240 azemad-group-images e-flex e-con-boxed e-con e-child\" data-id=\"0481240\" data-element_type=\"container\" data-e-type=\"container\">\n\t\t\t\t\t<div class=\"e-con-inner\">\n\t\t<a class=\"elementor-element elementor-element-7d1284e e-con-full e-flex e-con e-child\" data-id=\"7d1284e\" data-element_type=\"container\" data-e-type=\"container\">\n\t\t\t\t<div class=\"elementor-element elementor-element-cf80aa1 elementor-widget elementor-widget-heading\" data-id=\"cf80aa1\" data-element_type=\"widget\" data-e-type=\"widget\" id=\"wooliv-title\" data-widget_type=\"heading.default\">\n\t\t\t\t<div class=\"elementor-widget-container\">\n\t\t\t\t\t<h3 class=\"elementor-heading-title elementor-size-default\">Wooliv<\/h3>\t\t\t\t<\/div>\n\t\t\t\t<\/div>\n\t\t\t\t<div class=\"elementor-element elementor-element-43aeeeb elementor-widget elementor-widget-image\" data-id=\"43aeeeb\" data-element_type=\"widget\" data-e-type=\"widget\" id=\"wooliv-image\" data-widget_type=\"image.default\">\n\t\t\t\t<div class=\"elementor-widget-container\">\n\t\t\t\t\t\t\t\t\t\t\t\t\t\t\t<img decoding=\"async\" width=\"500\" height=\"500\" src=\"https:\/\/sport.azemad.com\/wp-content\/uploads\/2023\/10\/wooliv.png\" class=\"attachment-full size-full wp-image-1823\" alt=\"\" srcset=\"https:\/\/sport.azemad.com\/wp-content\/uploads\/2023\/10\/wooliv.png 500w, https:\/\/sport.azemad.com\/wp-content\/uploads\/2023\/10\/wooliv-300x300.png 300w, https:\/\/sport.azemad.com\/wp-content\/uploads\/2023\/10\/wooliv-100x100.png 100w, https:\/\/sport.azemad.com\/wp-content\/uploads\/2023\/10\/wooliv-150x150.png 150w\" sizes=\"(max-width: 500px) 100vw, 500px\" \/>\t\t\t\t\t\t\t\t\t\t\t\t\t\t\t<\/div>\n\t\t\t\t<\/div>\n\t\t\t\t<\/a>\n\t\t<div class=\"elementor-element elementor-element-dd2c5e0 e-con-full e-flex e-con e-child\" data-id=\"dd2c5e0\" data-element_type=\"container\" data-e-type=\"container\">\n\t\t\t\t<div class=\"elementor-element elementor-element-807420f elementor-widget elementor-widget-heading\" data-id=\"807420f\" data-element_type=\"widget\" data-e-type=\"widget\" id=\"contract-title\" data-widget_type=\"heading.default\">\n\t\t\t\t<div class=\"elementor-widget-container\">\n\t\t\t\t\t<h3 class=\"elementor-heading-title elementor-size-default\">Contract<\/h3>\t\t\t\t<\/div>\n\t\t\t\t<\/div>\n\t\t\t\t<div class=\"elementor-element elementor-element-737d3f7 elementor-widget elementor-widget-image\" data-id=\"737d3f7\" data-element_type=\"widget\" data-e-type=\"widget\" id=\"contract-image\" data-widget_type=\"image.default\">\n\t\t\t\t<div class=\"elementor-widget-container\">\n\t\t\t\t\t\t\t\t\t\t\t\t\t\t\t<img decoding=\"async\" width=\"500\" height=\"500\" src=\"https:\/\/sport.azemad.com\/wp-content\/uploads\/2023\/10\/Contract.jpeg\" class=\"attachment-full size-full wp-image-1821\" alt=\"\" srcset=\"https:\/\/sport.azemad.com\/wp-content\/uploads\/2023\/10\/Contract.jpeg 500w, https:\/\/sport.azemad.com\/wp-content\/uploads\/2023\/10\/Contract-300x300.jpeg 300w, https:\/\/sport.azemad.com\/wp-content\/uploads\/2023\/10\/Contract-100x100.jpeg 100w, https:\/\/sport.azemad.com\/wp-content\/uploads\/2023\/10\/Contract-150x150.jpeg 150w\" sizes=\"(max-width: 500px) 100vw, 500px\" \/>\t\t\t\t\t\t\t\t\t\t\t\t\t\t\t<\/div>\n\t\t\t\t<\/div>\n\t\t\t\t<\/div>\n\t\t<div class=\"elementor-element elementor-element-800bf33 e-con-full e-flex e-con e-child\" data-id=\"800bf33\" data-element_type=\"container\" data-e-type=\"container\">\n\t\t\t\t<div class=\"elementor-element elementor-element-c2f79d8 elementor-widget elementor-widget-heading\" data-id=\"c2f79d8\" data-element_type=\"widget\" data-e-type=\"widget\" id=\"sport-title\" data-widget_type=\"heading.default\">\n\t\t\t\t<div class=\"elementor-widget-container\">\n\t\t\t\t\t<h3 class=\"elementor-heading-title elementor-size-default\">Sport<\/h3>\t\t\t\t<\/div>\n\t\t\t\t<\/div>\n\t\t\t\t<div class=\"elementor-element elementor-element-ed0019d elementor-widget elementor-widget-image\" data-id=\"ed0019d\" data-element_type=\"widget\" data-e-type=\"widget\" id=\"sport-image\" data-widget_type=\"image.default\">\n\t\t\t\t<div class=\"elementor-widget-container\">\n\t\t\t\t\t\t\t\t\t\t\t\t\t\t\t<img decoding=\"async\" width=\"500\" height=\"500\" src=\"https:\/\/sport.azemad.com\/wp-content\/uploads\/2023\/10\/wooliv.png\" class=\"attachment-full size-full wp-image-1823\" alt=\"\" srcset=\"https:\/\/sport.azemad.com\/wp-content\/uploads\/2023\/10\/wooliv.png 500w, https:\/\/sport.azemad.com\/wp-content\/uploads\/2023\/10\/wooliv-300x300.png 300w, https:\/\/sport.azemad.com\/wp-content\/uploads\/2023\/10\/wooliv-100x100.png 100w, https:\/\/sport.azemad.com\/wp-content\/uploads\/2023\/10\/wooliv-150x150.png 150w\" sizes=\"(max-width: 500px) 100vw, 500px\" \/>\t\t\t\t\t\t\t\t\t\t\t\t\t\t\t<\/div>\n\t\t\t\t<\/div>\n\t\t\t\t<\/div>\n\t\t\t\t\t<\/div>\n\t\t\t\t<\/div>\n\t\t<div class=\"elementor-element elementor-element-574226c e-con-full azemad-group-content e-flex e-con e-child\" data-id=\"574226c\" data-element_type=\"container\" data-e-type=\"container\">\n\t\t\t\t<div class=\"elementor-element elementor-element-2c524eb elementor-widget__width-initial elementor-widget elementor-widget-heading\" data-id=\"2c524eb\" data-element_type=\"widget\" data-e-type=\"widget\" id=\"contract-content\" data-widget_type=\"heading.default\">\n\t\t\t\t<div class=\"elementor-widget-container\">\n\t\t\t\t\t<p class=\"elementor-heading-title elementor-size-default\">La calidad y el conocimiento de su materia prima combinada con el compromiso constante con la innovaci\u00f3n y el desarrollo de la empresa, le permitieron a AZEMAD abrir puertas a nuevos nichos de mercado. La exposici\u00f3n de sus productos, f\u00e1cilmente reconocibles como de alta gama, atrajeron la atenci\u00f3n de los clientes que necesitaban proyectos de Muebles para Hospitalidad. Con esta ventana de oportunidad, AZEMAD ingres\u00f3 al segmento de mercado hace m\u00e1s de 20 a\u00f1os, aprovechando su alta experiencia en muebles y su alta capacidad de producci\u00f3n. Actualmente, AZEMAD tiene recursos tecnol\u00f3gicos y humanos que le permiten desarrollar proyectos desde cero para cualquier parte del mundo, teniendo en su cartera de marcas trabajos en pa\u00edses como Alemania, Angola, Arabia Saudita, Argelia, Argentina, Australia, Austria, B\u00e9lgica, Brasil, Colombia, Espa\u00f1a, Estados Unidos, Francia, Pa\u00edses Bajos, Italia, India, Luxemburgo, Mozambique, Reino Unido, Rusia, Suiza, Tahit\u00ed, Turkmenist\u00e1n, entre otros.<\/p>\t\t\t\t<\/div>\n\t\t\t\t<\/div>\n\t\t\t\t<div class=\"elementor-element elementor-element-7966c3c elementor-widget__width-initial elementor-widget elementor-widget-heading\" data-id=\"7966c3c\" data-element_type=\"widget\" data-e-type=\"widget\" id=\"wooliv-content\" data-widget_type=\"heading.default\">\n\t\t\t\t<div class=\"elementor-widget-container\">\n\t\t\t\t\t<p class=\"elementor-heading-title elementor-size-default\">Aprovechando la experiencia y las habilidades de los artesanos m\u00e1s talentosos de la empresa y con la massification del Mobiliario del Hogar, AZEMAD reorient\u00f3 su enfoque hacia el Mobiliario de Lujo, creando piezas \u00fanicas y exclusivas, estableciendo relaciones exitosas con renombrados Dise\u00f1adores de Interiores y Arquitectos, desarrollando colecciones y ambientes audaces, combinando el legado de la artesan\u00eda con el dise\u00f1o moderno y contempor\u00e1neo. Estas inspiradoras colecciones est\u00e1n siempre presentes en ferias de referencia en las principales capitales del dise\u00f1o del mundo, como ISaloni en Mil\u00e1n y Maison &amp; Objet en Par\u00eds, estableciendo as\u00ed relaciones comerciales y exportando sus productos a todo el mundo. Este crecimiento nos ha llevado a crear una marca exclusiva, ahora conocida como WOOLIV.<\/p>\t\t\t\t<\/div>\n\t\t\t\t<\/div>\n\t\t\t\t<div class=\"elementor-element elementor-element-3b5c53a elementor-widget__width-initial elementor-widget elementor-widget-heading\" data-id=\"3b5c53a\" data-element_type=\"widget\" data-e-type=\"widget\" id=\"sport-content\" data-widget_type=\"heading.default\">\n\t\t\t\t<div class=\"elementor-widget-container\">\n\t\t\t\t\t<p class=\"elementor-heading-title elementor-size-default\">Al ser situada en una regi\u00f3n con elevada influencia cultural por el Hockey en Patines, las ra\u00edces y la pasi\u00f3n del fundador de la compa\u00f1\u00eda, junto con el hecho del principal instrumento del juego, el stick, ser producido en madera, llev\u00f3 a la compa\u00f1\u00eda a invertir en un nuevo segmento del mercado, por lo tanto, aprovecha todo el know-how adquirido por sus colaboradores. Como resultado, los productos de la gama SPORT se pueden encontrar en todo el mundo, son la marca l\u00edder en la fabricaci\u00f3n y venta de sticks de hockey en patines. Al centrar su estrategia tanto en la innovaci\u00f3n como en la evoluci\u00f3n tecnol\u00f3gica, la diversificaci\u00f3n de productos permiti\u00f3 ampliar la gama de instrumentos para el jugador, lo cual posiciono a la marca como principal referencia para hockey en patines, concretizando el sue\u00f1o del fundador de la empresa, que cre\u00eda que el conocimiento humano se eleva por encima de todo.<\/p>\t\t\t\t<\/div>\n\t\t\t\t<\/div>\n\t\t\t\t<\/div>\n\t\t\t\t<\/div>\n\t\t\t\t\t<\/div>\n\t\t\t\t<\/div>\n\t\t\t\t<\/div>\n\t\t","protected":false},"excerpt":{"rendered":"<p>Dos muebles al deporte. Conoce todo sobre AZEMAD y el grupo al que pertenece. Desde 1966 creando &#8216;Arte en Madera&#8217;.<\/p>\n","protected":false},"author":1,"featured_media":1817,"parent":0,"menu_order":0,"comment_status":"closed","ping_status":"closed","template":"","meta":{"_acf_changed":false,"footnotes":""},"class_list":["post-4785","page","type-page","status-publish","has-post-thumbnail","hentry"],"acf":[],"yoast_head":"<!-- This site is optimized with the Yoast SEO plugin v27.3 - https:\/\/yoast.com\/product\/yoast-seo-wordpress\/ -->\n<title>Acerca - Azemad Sport<\/title>\n<meta name=\"description\" content=\"Dos muebles al deporte. Conoce todo sobre AZEMAD y el grupo al que pertenece. Desde 1966 creando &#039;Arte en Madera&#039;.\" \/>\n<meta name=\"robots\" content=\"index, follow, max-snippet:-1, max-image-preview:large, max-video-preview:-1\" \/>\n<link rel=\"canonical\" href=\"https:\/\/sport.azemad.com\/es\/acerca\/\" \/>\n<meta property=\"og:locale\" content=\"es_ES\" \/>\n<meta property=\"og:type\" content=\"article\" \/>\n<meta property=\"og:title\" content=\"Acerca - Azemad Sport\" \/>\n<meta property=\"og:description\" content=\"Dos muebles al deporte. Conoce todo sobre AZEMAD y el grupo al que pertenece. Desde 1966 creando &#039;Arte en Madera&#039;.\" \/>\n<meta property=\"og:url\" content=\"https:\/\/sport.azemad.com\/es\/acerca\/\" \/>\n<meta property=\"og:site_name\" content=\"Azemad Sport\" \/>\n<meta property=\"article:publisher\" content=\"https:\/\/www.facebook.com\/azemadsport\" \/>\n<meta property=\"article:modified_time\" content=\"2024-10-04T15:39:23+00:00\" \/>\n<meta property=\"og:image\" content=\"https:\/\/azemad.assemble.website\/wp-content\/uploads\/2023\/10\/fabrica_azemad-1024x507.png\" \/>\n<meta name=\"twitter:card\" content=\"summary_large_image\" \/>\n<meta name=\"twitter:title\" content=\"Acerca - Azemad Sport\" \/>\n<meta name=\"twitter:description\" content=\"Dos muebles al deporte. Conoce todo sobre AZEMAD y el grupo al que pertenece. Desde 1966 creando &#039;Arte en Madera&#039;.\" \/>\n<meta name=\"twitter:image\" content=\"https:\/\/azemad.assemble.website\/wp-content\/uploads\/2023\/10\/fabrica_azemad-1024x507.png\" \/>\n<meta name=\"twitter:label1\" content=\"Tiempo de lectura\" \/>\n\t<meta name=\"twitter:data1\" content=\"4 minutos\" \/>\n<script type=\"application\/ld+json\" class=\"yoast-schema-graph\">{\"@context\":\"https:\\\/\\\/schema.org\",\"@graph\":[{\"@type\":\"WebPage\",\"@id\":\"https:\\\/\\\/sport.azemad.com\\\/es\\\/acerca\\\/\",\"url\":\"https:\\\/\\\/sport.azemad.com\\\/es\\\/acerca\\\/\",\"name\":\"Acerca - Azemad Sport\",\"isPartOf\":{\"@id\":\"https:\\\/\\\/sport.azemad.com\\\/es\\\/#website\"},\"primaryImageOfPage\":{\"@id\":\"https:\\\/\\\/sport.azemad.com\\\/es\\\/acerca\\\/#primaryimage\"},\"image\":{\"@id\":\"https:\\\/\\\/sport.azemad.com\\\/es\\\/acerca\\\/#primaryimage\"},\"thumbnailUrl\":\"https:\\\/\\\/sport.azemad.com\\\/wp-content\\\/uploads\\\/2023\\\/10\\\/fabrica_azemad.png\",\"datePublished\":\"2023-10-19T11:45:21+00:00\",\"dateModified\":\"2024-10-04T15:39:23+00:00\",\"description\":\"Dos muebles al deporte. Conoce todo sobre AZEMAD y el grupo al que pertenece. Desde 1966 creando 'Arte en Madera'.\",\"breadcrumb\":{\"@id\":\"https:\\\/\\\/sport.azemad.com\\\/es\\\/acerca\\\/#breadcrumb\"},\"inLanguage\":\"es\",\"potentialAction\":[{\"@type\":\"ReadAction\",\"target\":[\"https:\\\/\\\/sport.azemad.com\\\/es\\\/acerca\\\/\"]}]},{\"@type\":\"ImageObject\",\"inLanguage\":\"es\",\"@id\":\"https:\\\/\\\/sport.azemad.com\\\/es\\\/acerca\\\/#primaryimage\",\"url\":\"https:\\\/\\\/sport.azemad.com\\\/wp-content\\\/uploads\\\/2023\\\/10\\\/fabrica_azemad.png\",\"contentUrl\":\"https:\\\/\\\/sport.azemad.com\\\/wp-content\\\/uploads\\\/2023\\\/10\\\/fabrica_azemad.png\",\"width\":2369,\"height\":1173,\"caption\":\"F\u00e1brica AZEMAD\"},{\"@type\":\"BreadcrumbList\",\"@id\":\"https:\\\/\\\/sport.azemad.com\\\/es\\\/acerca\\\/#breadcrumb\",\"itemListElement\":[{\"@type\":\"ListItem\",\"position\":1,\"name\":\"In\u00edcio\",\"item\":\"https:\\\/\\\/sport.azemad.com\\\/es\\\/\"},{\"@type\":\"ListItem\",\"position\":2,\"name\":\"Acerca\"}]},{\"@type\":\"WebSite\",\"@id\":\"https:\\\/\\\/sport.azemad.com\\\/es\\\/#website\",\"url\":\"https:\\\/\\\/sport.azemad.com\\\/es\\\/\",\"name\":\"Azemad Sport\",\"description\":\"Artigos e Cat\u00e1logo para H\u00f3quei em Patins\",\"publisher\":{\"@id\":\"https:\\\/\\\/sport.azemad.com\\\/es\\\/#organization\"},\"potentialAction\":[{\"@type\":\"SearchAction\",\"target\":{\"@type\":\"EntryPoint\",\"urlTemplate\":\"https:\\\/\\\/sport.azemad.com\\\/es\\\/?s={search_term_string}\"},\"query-input\":{\"@type\":\"PropertyValueSpecification\",\"valueRequired\":true,\"valueName\":\"search_term_string\"}}],\"inLanguage\":\"es\"},{\"@type\":\"Organization\",\"@id\":\"https:\\\/\\\/sport.azemad.com\\\/es\\\/#organization\",\"name\":\"AZEMAD Sport\",\"alternateName\":\"Azemad Sport\",\"url\":\"https:\\\/\\\/sport.azemad.com\\\/es\\\/\",\"logo\":{\"@type\":\"ImageObject\",\"inLanguage\":\"es\",\"@id\":\"https:\\\/\\\/sport.azemad.com\\\/es\\\/#\\\/schema\\\/logo\\\/image\\\/\",\"url\":\"https:\\\/\\\/sport.azemad.com\\\/wp-content\\\/uploads\\\/2023\\\/10\\\/favicon.png\",\"contentUrl\":\"https:\\\/\\\/sport.azemad.com\\\/wp-content\\\/uploads\\\/2023\\\/10\\\/favicon.png\",\"width\":256,\"height\":256,\"caption\":\"AZEMAD Sport\"},\"image\":{\"@id\":\"https:\\\/\\\/sport.azemad.com\\\/es\\\/#\\\/schema\\\/logo\\\/image\\\/\"},\"sameAs\":[\"https:\\\/\\\/www.facebook.com\\\/azemadsport\",\"https:\\\/\\\/www.instagram.com\\\/azemad\\\/\",\"https:\\\/\\\/www.youtube.com\\\/c\\\/azemad\",\"https:\\\/\\\/www.linkedin.com\\\/company\\\/azemad\\\/\"]}]}<\/script>\n<!-- \/ Yoast SEO plugin. -->","yoast_head_json":{"title":"Acerca - Azemad Sport","description":"Dos muebles al deporte. Conoce todo sobre AZEMAD y el grupo al que pertenece. Desde 1966 creando 'Arte en Madera'.","robots":{"index":"index","follow":"follow","max-snippet":"max-snippet:-1","max-image-preview":"max-image-preview:large","max-video-preview":"max-video-preview:-1"},"canonical":"https:\/\/sport.azemad.com\/es\/acerca\/","og_locale":"es_ES","og_type":"article","og_title":"Acerca - Azemad Sport","og_description":"Dos muebles al deporte. Conoce todo sobre AZEMAD y el grupo al que pertenece. Desde 1966 creando 'Arte en Madera'.","og_url":"https:\/\/sport.azemad.com\/es\/acerca\/","og_site_name":"Azemad Sport","article_publisher":"https:\/\/www.facebook.com\/azemadsport","article_modified_time":"2024-10-04T15:39:23+00:00","og_image":[{"url":"https:\/\/azemad.assemble.website\/wp-content\/uploads\/2023\/10\/fabrica_azemad-1024x507.png","type":"","width":"","height":""}],"twitter_card":"summary_large_image","twitter_title":"Acerca - Azemad Sport","twitter_description":"Dos muebles al deporte. Conoce todo sobre AZEMAD y el grupo al que pertenece. Desde 1966 creando 'Arte en Madera'.","twitter_image":"https:\/\/azemad.assemble.website\/wp-content\/uploads\/2023\/10\/fabrica_azemad-1024x507.png","twitter_misc":{"Tiempo de lectura":"4 minutos"},"schema":{"@context":"https:\/\/schema.org","@graph":[{"@type":"WebPage","@id":"https:\/\/sport.azemad.com\/es\/acerca\/","url":"https:\/\/sport.azemad.com\/es\/acerca\/","name":"Acerca - Azemad Sport","isPartOf":{"@id":"https:\/\/sport.azemad.com\/es\/#website"},"primaryImageOfPage":{"@id":"https:\/\/sport.azemad.com\/es\/acerca\/#primaryimage"},"image":{"@id":"https:\/\/sport.azemad.com\/es\/acerca\/#primaryimage"},"thumbnailUrl":"https:\/\/sport.azemad.com\/wp-content\/uploads\/2023\/10\/fabrica_azemad.png","datePublished":"2023-10-19T11:45:21+00:00","dateModified":"2024-10-04T15:39:23+00:00","description":"Dos muebles al deporte. Conoce todo sobre AZEMAD y el grupo al que pertenece. Desde 1966 creando 'Arte en Madera'.","breadcrumb":{"@id":"https:\/\/sport.azemad.com\/es\/acerca\/#breadcrumb"},"inLanguage":"es","potentialAction":[{"@type":"ReadAction","target":["https:\/\/sport.azemad.com\/es\/acerca\/"]}]},{"@type":"ImageObject","inLanguage":"es","@id":"https:\/\/sport.azemad.com\/es\/acerca\/#primaryimage","url":"https:\/\/sport.azemad.com\/wp-content\/uploads\/2023\/10\/fabrica_azemad.png","contentUrl":"https:\/\/sport.azemad.com\/wp-content\/uploads\/2023\/10\/fabrica_azemad.png","width":2369,"height":1173,"caption":"F\u00e1brica AZEMAD"},{"@type":"BreadcrumbList","@id":"https:\/\/sport.azemad.com\/es\/acerca\/#breadcrumb","itemListElement":[{"@type":"ListItem","position":1,"name":"In\u00edcio","item":"https:\/\/sport.azemad.com\/es\/"},{"@type":"ListItem","position":2,"name":"Acerca"}]},{"@type":"WebSite","@id":"https:\/\/sport.azemad.com\/es\/#website","url":"https:\/\/sport.azemad.com\/es\/","name":"Azemad Sport","description":"Artigos e Cat\u00e1logo para H\u00f3quei em Patins","publisher":{"@id":"https:\/\/sport.azemad.com\/es\/#organization"},"potentialAction":[{"@type":"SearchAction","target":{"@type":"EntryPoint","urlTemplate":"https:\/\/sport.azemad.com\/es\/?s={search_term_string}"},"query-input":{"@type":"PropertyValueSpecification","valueRequired":true,"valueName":"search_term_string"}}],"inLanguage":"es"},{"@type":"Organization","@id":"https:\/\/sport.azemad.com\/es\/#organization","name":"AZEMAD Sport","alternateName":"Azemad Sport","url":"https:\/\/sport.azemad.com\/es\/","logo":{"@type":"ImageObject","inLanguage":"es","@id":"https:\/\/sport.azemad.com\/es\/#\/schema\/logo\/image\/","url":"https:\/\/sport.azemad.com\/wp-content\/uploads\/2023\/10\/favicon.png","contentUrl":"https:\/\/sport.azemad.com\/wp-content\/uploads\/2023\/10\/favicon.png","width":256,"height":256,"caption":"AZEMAD Sport"},"image":{"@id":"https:\/\/sport.azemad.com\/es\/#\/schema\/logo\/image\/"},"sameAs":["https:\/\/www.facebook.com\/azemadsport","https:\/\/www.instagram.com\/azemad\/","https:\/\/www.youtube.com\/c\/azemad","https:\/\/www.linkedin.com\/company\/azemad\/"]}]}},"_links":{"self":[{"href":"https:\/\/sport.azemad.com\/es\/wp-json\/wp\/v2\/pages\/4785","targetHints":{"allow":["GET"]}}],"collection":[{"href":"https:\/\/sport.azemad.com\/es\/wp-json\/wp\/v2\/pages"}],"about":[{"href":"https:\/\/sport.azemad.com\/es\/wp-json\/wp\/v2\/types\/page"}],"author":[{"embeddable":true,"href":"https:\/\/sport.azemad.com\/es\/wp-json\/wp\/v2\/users\/1"}],"replies":[{"embeddable":true,"href":"https:\/\/sport.azemad.com\/es\/wp-json\/wp\/v2\/comments?post=4785"}],"version-history":[{"count":3,"href":"https:\/\/sport.azemad.com\/es\/wp-json\/wp\/v2\/pages\/4785\/revisions"}],"predecessor-version":[{"id":140226,"href":"https:\/\/sport.azemad.com\/es\/wp-json\/wp\/v2\/pages\/4785\/revisions\/140226"}],"wp:featuredmedia":[{"embeddable":true,"href":"https:\/\/sport.azemad.com\/es\/wp-json\/wp\/v2\/media\/1817"}],"wp:attachment":[{"href":"https:\/\/sport.azemad.com\/es\/wp-json\/wp\/v2\/media?parent=4785"}],"curies":[{"name":"wp","href":"https:\/\/api.w.org\/{rel}","templated":true}]}}