{"id":106598,"date":"2024-06-26T15:14:58","date_gmt":"2024-06-26T14:14:58","guid":{"rendered":"https:\/\/sport.azemad.com\/produto\/plancha-alpha\/"},"modified":"2026-04-02T10:17:42","modified_gmt":"2026-04-02T09:17:42","slug":"plancha-alpha","status":"publish","type":"product","link":"https:\/\/sport.azemad.com\/es\/producto\/plancha-alpha\/","title":{"rendered":"Plancha Alpha"},"content":{"rendered":"<p>La base ALPHA fue dise\u00f1ada para apoyar a todos los atletas que est\u00e1n en transici\u00f3n de principiantes a nivel intermedio. Sus caracter\u00edsticas incluyen ligereza y flexibilidad, lo que hace que el patinaje sea m\u00e1s f\u00e1cil y las curvas m\u00e1s naturales, incluso para los patinadores m\u00e1s ligeros. La movilidad mejorada ayuda en el aprendizaje de los movimientos b\u00e1sicos y en la adaptaci\u00f3n a la t\u00e9cnica.<br \/>\nFabricada con materiales que logran la mejor relaci\u00f3n entre peso y resistencia, la base ALPHA AZEMAD se destaca en el rendimiento de los atletas por su peso y caracter\u00edsticas de patinaje, esenciales para ofrecer un rendimiento \u00f3ptimo a los atletasque est\u00e1n mejorando su patinaje.<br \/>\nEs perfecta para jugadores de hasta 60 kg.<\/p>\n","protected":false},"excerpt":{"rendered":"<p>Ideal para la transici\u00f3n de iniciaci\u00f3n a formaci\u00f3n.<\/p>\n","protected":false},"featured_media":177497,"template":"","meta":{"_acf_changed":false},"product_brand":[],"product_cat":[6403],"product_tag":[],"class_list":{"0":"post-106598","1":"product","2":"type-product","3":"status-publish","4":"has-post-thumbnail","6":"product_cat-patines-planchas-es-04bas","7":"pa_cor-negro_es","8":"pa_gama-intermedio_es","9":"pa_tamanho-base-100_pt","10":"pa_tamanho-base-110_pt","11":"pa_tamanho-base-120_pt","12":"pa_tamanho-base-130_pt","13":"pa_tamanho-base-140_pt","15":"first","16":"instock","17":"taxable","18":"shipping-taxable","19":"purchasable","20":"product-type-variable"},"acf":[],"yoast_head":"<!-- This site is optimized with the Yoast SEO plugin v27.3 - https:\/\/yoast.com\/product\/yoast-seo-wordpress\/ -->\n<title>Plancha Alpha - Azemad Sport<\/title>\n<meta name=\"description\" content=\"Ideal para la transici\u00f3n de iniciaci\u00f3n a formaci\u00f3n. - Azemad Sport\" \/>\n<meta name=\"robots\" content=\"index, follow, max-snippet:-1, max-image-preview:large, max-video-preview:-1\" \/>\n<link rel=\"canonical\" href=\"https:\/\/sport.azemad.com\/es\/producto\/plancha-alpha\/\" \/>\n<meta property=\"og:locale\" content=\"es_ES\" \/>\n<meta property=\"og:type\" content=\"article\" \/>\n<meta property=\"og:title\" content=\"Plancha Alpha - Azemad Sport\" \/>\n<meta property=\"og:description\" content=\"Ideal para la transici\u00f3n de iniciaci\u00f3n a formaci\u00f3n. - Azemad Sport\" \/>\n<meta property=\"og:url\" content=\"https:\/\/sport.azemad.com\/es\/producto\/plancha-alpha\/\" \/>\n<meta property=\"og:site_name\" content=\"Azemad Sport\" \/>\n<meta property=\"article:publisher\" content=\"https:\/\/www.facebook.com\/azemadsport\" \/>\n<meta property=\"article:modified_time\" content=\"2026-04-02T09:17:42+00:00\" \/>\n<meta property=\"og:image\" content=\"https:\/\/sport.azemad.com\/wp-content\/uploads\/AZEMADSport_HPALPHA01-K_A1_1080X1080.png\" \/>\n\t<meta property=\"og:image:width\" content=\"1080\" \/>\n\t<meta property=\"og:image:height\" content=\"1080\" \/>\n\t<meta property=\"og:image:type\" content=\"image\/png\" \/>\n<meta name=\"twitter:card\" content=\"summary_large_image\" \/>\n<meta name=\"twitter:label1\" content=\"Tiempo de lectura\" \/>\n\t<meta name=\"twitter:data1\" content=\"1 minuto\" \/>\n<script type=\"application\/ld+json\" class=\"yoast-schema-graph\">{\"@context\":\"https:\\\/\\\/schema.org\",\"@graph\":[{\"@type\":\"WebPage\",\"@id\":\"https:\\\/\\\/sport.azemad.com\\\/es\\\/producto\\\/plancha-alpha\\\/\",\"url\":\"https:\\\/\\\/sport.azemad.com\\\/es\\\/producto\\\/plancha-alpha\\\/\",\"name\":\"Plancha Alpha - Azemad Sport\",\"isPartOf\":{\"@id\":\"https:\\\/\\\/sport.azemad.com\\\/es\\\/#website\"},\"primaryImageOfPage\":{\"@id\":\"https:\\\/\\\/sport.azemad.com\\\/es\\\/producto\\\/plancha-alpha\\\/#primaryimage\"},\"image\":{\"@id\":\"https:\\\/\\\/sport.azemad.com\\\/es\\\/producto\\\/plancha-alpha\\\/#primaryimage\"},\"thumbnailUrl\":\"https:\\\/\\\/sport.azemad.com\\\/wp-content\\\/uploads\\\/AZEMADSport_HPALPHA01-K_A1_1080X1080.png\",\"datePublished\":\"2024-06-26T14:14:58+00:00\",\"dateModified\":\"2026-04-02T09:17:42+00:00\",\"description\":\"Ideal para la transici\u00f3n de iniciaci\u00f3n a formaci\u00f3n. - Azemad Sport\",\"breadcrumb\":{\"@id\":\"https:\\\/\\\/sport.azemad.com\\\/es\\\/producto\\\/plancha-alpha\\\/#breadcrumb\"},\"inLanguage\":\"es\",\"potentialAction\":[{\"@type\":\"ReadAction\",\"target\":[\"https:\\\/\\\/sport.azemad.com\\\/es\\\/producto\\\/plancha-alpha\\\/\"]}]},{\"@type\":\"ImageObject\",\"inLanguage\":\"es\",\"@id\":\"https:\\\/\\\/sport.azemad.com\\\/es\\\/producto\\\/plancha-alpha\\\/#primaryimage\",\"url\":\"https:\\\/\\\/sport.azemad.com\\\/wp-content\\\/uploads\\\/AZEMADSport_HPALPHA01-K_A1_1080X1080.png\",\"contentUrl\":\"https:\\\/\\\/sport.azemad.com\\\/wp-content\\\/uploads\\\/AZEMADSport_HPALPHA01-K_A1_1080X1080.png\",\"width\":1080,\"height\":1080},{\"@type\":\"BreadcrumbList\",\"@id\":\"https:\\\/\\\/sport.azemad.com\\\/es\\\/producto\\\/plancha-alpha\\\/#breadcrumb\",\"itemListElement\":[{\"@type\":\"ListItem\",\"position\":1,\"name\":\"In\u00edcio\",\"item\":\"https:\\\/\\\/sport.azemad.com\\\/es\\\/\"},{\"@type\":\"ListItem\",\"position\":2,\"name\":\"Tienda\",\"item\":\"https:\\\/\\\/sport.azemad.com\\\/es\\\/tienda\\\/\"},{\"@type\":\"ListItem\",\"position\":3,\"name\":\"Plancha Alpha\"}]},{\"@type\":\"WebSite\",\"@id\":\"https:\\\/\\\/sport.azemad.com\\\/es\\\/#website\",\"url\":\"https:\\\/\\\/sport.azemad.com\\\/es\\\/\",\"name\":\"Azemad Sport\",\"description\":\"Artigos e Cat\u00e1logo para H\u00f3quei em Patins\",\"publisher\":{\"@id\":\"https:\\\/\\\/sport.azemad.com\\\/es\\\/#organization\"},\"potentialAction\":[{\"@type\":\"SearchAction\",\"target\":{\"@type\":\"EntryPoint\",\"urlTemplate\":\"https:\\\/\\\/sport.azemad.com\\\/es\\\/?s={search_term_string}\"},\"query-input\":{\"@type\":\"PropertyValueSpecification\",\"valueRequired\":true,\"valueName\":\"search_term_string\"}}],\"inLanguage\":\"es\"},{\"@type\":\"Organization\",\"@id\":\"https:\\\/\\\/sport.azemad.com\\\/es\\\/#organization\",\"name\":\"AZEMAD Sport\",\"alternateName\":\"Azemad Sport\",\"url\":\"https:\\\/\\\/sport.azemad.com\\\/es\\\/\",\"logo\":{\"@type\":\"ImageObject\",\"inLanguage\":\"es\",\"@id\":\"https:\\\/\\\/sport.azemad.com\\\/es\\\/#\\\/schema\\\/logo\\\/image\\\/\",\"url\":\"https:\\\/\\\/sport.azemad.com\\\/wp-content\\\/uploads\\\/2023\\\/10\\\/favicon.png\",\"contentUrl\":\"https:\\\/\\\/sport.azemad.com\\\/wp-content\\\/uploads\\\/2023\\\/10\\\/favicon.png\",\"width\":256,\"height\":256,\"caption\":\"AZEMAD Sport\"},\"image\":{\"@id\":\"https:\\\/\\\/sport.azemad.com\\\/es\\\/#\\\/schema\\\/logo\\\/image\\\/\"},\"sameAs\":[\"https:\\\/\\\/www.facebook.com\\\/azemadsport\",\"https:\\\/\\\/www.instagram.com\\\/azemad\\\/\",\"https:\\\/\\\/www.youtube.com\\\/c\\\/azemad\",\"https:\\\/\\\/www.linkedin.com\\\/company\\\/azemad\\\/\"]}]}<\/script>\n<!-- \/ Yoast SEO plugin. -->","yoast_head_json":{"title":"Plancha Alpha - Azemad Sport","description":"Ideal para la transici\u00f3n de iniciaci\u00f3n a formaci\u00f3n. - Azemad Sport","robots":{"index":"index","follow":"follow","max-snippet":"max-snippet:-1","max-image-preview":"max-image-preview:large","max-video-preview":"max-video-preview:-1"},"canonical":"https:\/\/sport.azemad.com\/es\/producto\/plancha-alpha\/","og_locale":"es_ES","og_type":"article","og_title":"Plancha Alpha - Azemad Sport","og_description":"Ideal para la transici\u00f3n de iniciaci\u00f3n a formaci\u00f3n. - Azemad Sport","og_url":"https:\/\/sport.azemad.com\/es\/producto\/plancha-alpha\/","og_site_name":"Azemad Sport","article_publisher":"https:\/\/www.facebook.com\/azemadsport","article_modified_time":"2026-04-02T09:17:42+00:00","og_image":[{"width":1080,"height":1080,"url":"https:\/\/sport.azemad.com\/wp-content\/uploads\/AZEMADSport_HPALPHA01-K_A1_1080X1080.png","type":"image\/png"}],"twitter_card":"summary_large_image","twitter_misc":{"Tiempo de lectura":"1 minuto"},"schema":{"@context":"https:\/\/schema.org","@graph":[{"@type":"WebPage","@id":"https:\/\/sport.azemad.com\/es\/producto\/plancha-alpha\/","url":"https:\/\/sport.azemad.com\/es\/producto\/plancha-alpha\/","name":"Plancha Alpha - Azemad Sport","isPartOf":{"@id":"https:\/\/sport.azemad.com\/es\/#website"},"primaryImageOfPage":{"@id":"https:\/\/sport.azemad.com\/es\/producto\/plancha-alpha\/#primaryimage"},"image":{"@id":"https:\/\/sport.azemad.com\/es\/producto\/plancha-alpha\/#primaryimage"},"thumbnailUrl":"https:\/\/sport.azemad.com\/wp-content\/uploads\/AZEMADSport_HPALPHA01-K_A1_1080X1080.png","datePublished":"2024-06-26T14:14:58+00:00","dateModified":"2026-04-02T09:17:42+00:00","description":"Ideal para la transici\u00f3n de iniciaci\u00f3n a formaci\u00f3n. - Azemad Sport","breadcrumb":{"@id":"https:\/\/sport.azemad.com\/es\/producto\/plancha-alpha\/#breadcrumb"},"inLanguage":"es","potentialAction":[{"@type":"ReadAction","target":["https:\/\/sport.azemad.com\/es\/producto\/plancha-alpha\/"]}]},{"@type":"ImageObject","inLanguage":"es","@id":"https:\/\/sport.azemad.com\/es\/producto\/plancha-alpha\/#primaryimage","url":"https:\/\/sport.azemad.com\/wp-content\/uploads\/AZEMADSport_HPALPHA01-K_A1_1080X1080.png","contentUrl":"https:\/\/sport.azemad.com\/wp-content\/uploads\/AZEMADSport_HPALPHA01-K_A1_1080X1080.png","width":1080,"height":1080},{"@type":"BreadcrumbList","@id":"https:\/\/sport.azemad.com\/es\/producto\/plancha-alpha\/#breadcrumb","itemListElement":[{"@type":"ListItem","position":1,"name":"In\u00edcio","item":"https:\/\/sport.azemad.com\/es\/"},{"@type":"ListItem","position":2,"name":"Tienda","item":"https:\/\/sport.azemad.com\/es\/tienda\/"},{"@type":"ListItem","position":3,"name":"Plancha Alpha"}]},{"@type":"WebSite","@id":"https:\/\/sport.azemad.com\/es\/#website","url":"https:\/\/sport.azemad.com\/es\/","name":"Azemad Sport","description":"Artigos e Cat\u00e1logo para H\u00f3quei em Patins","publisher":{"@id":"https:\/\/sport.azemad.com\/es\/#organization"},"potentialAction":[{"@type":"SearchAction","target":{"@type":"EntryPoint","urlTemplate":"https:\/\/sport.azemad.com\/es\/?s={search_term_string}"},"query-input":{"@type":"PropertyValueSpecification","valueRequired":true,"valueName":"search_term_string"}}],"inLanguage":"es"},{"@type":"Organization","@id":"https:\/\/sport.azemad.com\/es\/#organization","name":"AZEMAD Sport","alternateName":"Azemad Sport","url":"https:\/\/sport.azemad.com\/es\/","logo":{"@type":"ImageObject","inLanguage":"es","@id":"https:\/\/sport.azemad.com\/es\/#\/schema\/logo\/image\/","url":"https:\/\/sport.azemad.com\/wp-content\/uploads\/2023\/10\/favicon.png","contentUrl":"https:\/\/sport.azemad.com\/wp-content\/uploads\/2023\/10\/favicon.png","width":256,"height":256,"caption":"AZEMAD Sport"},"image":{"@id":"https:\/\/sport.azemad.com\/es\/#\/schema\/logo\/image\/"},"sameAs":["https:\/\/www.facebook.com\/azemadsport","https:\/\/www.instagram.com\/azemad\/","https:\/\/www.youtube.com\/c\/azemad","https:\/\/www.linkedin.com\/company\/azemad\/"]}]}},"_links":{"self":[{"href":"https:\/\/sport.azemad.com\/es\/wp-json\/wp\/v2\/product\/106598","targetHints":{"allow":["GET"]}}],"collection":[{"href":"https:\/\/sport.azemad.com\/es\/wp-json\/wp\/v2\/product"}],"about":[{"href":"https:\/\/sport.azemad.com\/es\/wp-json\/wp\/v2\/types\/product"}],"wp:featuredmedia":[{"embeddable":true,"href":"https:\/\/sport.azemad.com\/es\/wp-json\/wp\/v2\/media\/177497"}],"wp:attachment":[{"href":"https:\/\/sport.azemad.com\/es\/wp-json\/wp\/v2\/media?parent=106598"}],"wp:term":[{"taxonomy":"product_brand","embeddable":true,"href":"https:\/\/sport.azemad.com\/es\/wp-json\/wp\/v2\/product_brand?post=106598"},{"taxonomy":"product_cat","embeddable":true,"href":"https:\/\/sport.azemad.com\/es\/wp-json\/wp\/v2\/product_cat?post=106598"},{"taxonomy":"product_tag","embeddable":true,"href":"https:\/\/sport.azemad.com\/es\/wp-json\/wp\/v2\/product_tag?post=106598"}],"curies":[{"name":"wp","href":"https:\/\/api.w.org\/{rel}","templated":true}]}}