{"id":142025,"date":"2024-10-30T10:44:54","date_gmt":"2024-10-30T10:44:54","guid":{"rendered":"https:\/\/sport.azemad.com\/produto\/patines-eclipse-mini-hockey-g2\/"},"modified":"2026-04-15T04:05:14","modified_gmt":"2026-04-15T03:05:14","slug":"patines-eclipse-mini-hockey-g2","status":"publish","type":"product","link":"https:\/\/sport.azemad.com\/es\/producto\/patines-eclipse-mini-hockey-g2\/","title":{"rendered":"Patines Eclipse Mini Hockey G2"},"content":{"rendered":"<p>Los Patines Eclipse Mini Hockey G2 de AZEMAD est\u00e1n dise\u00f1ados para ni\u00f1os que est\u00e1n dando sus primeros \u00abpasos\u00bb en el patinaje, ofreciendo calidad y una buena relaci\u00f3n calidad-precio. Estos patines vienen completamente montados con todos los accesorios necesarios. La versi\u00f3n G2 incluye mejoras como un dise\u00f1o ligero, protecci\u00f3n completa de la bota, base con flexi\u00f3n ajustable, ejes de 7 mm compatibles con equipos profesionales y nuevas ruedas de 57 mm de alta dureza para mejorar el nivel de aprendizaje. Uno de los principales atractivos es el nuevo dise\u00f1o de las ruedas. Es un conjunto de excelente calidad que brinda a los m\u00e1s peque\u00f1os todo lo que necesitan para aprender y desarrollar los conceptos b\u00e1sicos.<\/p>\n","protected":false},"excerpt":{"rendered":"<p>\u00a1Lo mejor para los mejores patinadores! \u00a1La forma correcta de aprender con seguridad y desarrollar sus habilidades de patinaje!<\/p>\n","protected":false},"featured_media":178462,"template":"","meta":{"_acf_changed":false},"product_brand":[],"product_cat":[6410],"product_tag":[],"class_list":{"0":"post-142025","1":"product","2":"type-product","3":"status-publish","4":"has-post-thumbnail","6":"product_cat-patines-completo-es-04comp","7":"pa_colecao-eclipse_es","8":"pa_cor-azul_es","9":"pa_cor-negro_es","10":"pa_cor-rojo_es","11":"pa_forma-25_es","12":"pa_forma-26_es","13":"pa_forma-27_es","14":"pa_forma-28_es","15":"pa_forma-29_es","16":"pa_forma-30_es","17":"pa_forma-31_es","18":"pa_forma-32_es","19":"pa_forma-33_es","20":"pa_forma-34_es","21":"pa_forma-35_es","22":"pa_gama-mini-hockey_es","24":"first","25":"instock","26":"taxable","27":"shipping-taxable","28":"purchasable","29":"product-type-variable"},"acf":[],"yoast_head":"<!-- This site is optimized with the Yoast SEO plugin v27.4 - https:\/\/yoast.com\/product\/yoast-seo-wordpress\/ -->\n<title>Patines Eclipse Mini Hockey G2 - Azemad Sport<\/title>\n<meta name=\"description\" content=\"\u00a1Lo mejor para los mejores patinadores! \u00a1La forma correcta de aprender con seguridad y desarrollar sus habilidades de patinaje! - Azemad Sport\" \/>\n<meta name=\"robots\" content=\"index, follow, max-snippet:-1, max-image-preview:large, max-video-preview:-1\" \/>\n<link rel=\"canonical\" href=\"https:\/\/sport.azemad.com\/es\/producto\/patines-eclipse-mini-hockey-g2\/\" \/>\n<meta property=\"og:locale\" content=\"es_ES\" \/>\n<meta property=\"og:type\" content=\"article\" \/>\n<meta property=\"og:title\" content=\"Patines Eclipse Mini Hockey G2 - Azemad Sport\" \/>\n<meta property=\"og:description\" content=\"\u00a1Lo mejor para los mejores patinadores! \u00a1La forma correcta de aprender con seguridad y desarrollar sus habilidades de patinaje! - Azemad Sport\" \/>\n<meta property=\"og:url\" content=\"https:\/\/sport.azemad.com\/es\/producto\/patines-eclipse-mini-hockey-g2\/\" \/>\n<meta property=\"og:site_name\" content=\"Azemad Sport\" \/>\n<meta property=\"article:publisher\" content=\"https:\/\/www.facebook.com\/azemadsport\" \/>\n<meta property=\"article:modified_time\" content=\"2026-04-15T03:05:14+00:00\" \/>\n<meta property=\"og:image\" content=\"https:\/\/sport.azemad.com\/wp-content\/uploads\/AZEMADSport_HBM02-C_A1_1080X1080.png\" \/>\n\t<meta property=\"og:image:width\" content=\"1080\" \/>\n\t<meta property=\"og:image:height\" content=\"1080\" \/>\n\t<meta property=\"og:image:type\" content=\"image\/png\" \/>\n<meta name=\"twitter:card\" content=\"summary_large_image\" \/>\n<meta name=\"twitter:label1\" content=\"Tiempo de lectura\" \/>\n\t<meta name=\"twitter:data1\" content=\"1 minuto\" \/>\n<script type=\"application\/ld+json\" class=\"yoast-schema-graph\">{\"@context\":\"https:\\\/\\\/schema.org\",\"@graph\":[{\"@type\":\"WebPage\",\"@id\":\"https:\\\/\\\/sport.azemad.com\\\/es\\\/producto\\\/patines-eclipse-mini-hockey-g2\\\/\",\"url\":\"https:\\\/\\\/sport.azemad.com\\\/es\\\/producto\\\/patines-eclipse-mini-hockey-g2\\\/\",\"name\":\"Patines Eclipse Mini Hockey G2 - Azemad Sport\",\"isPartOf\":{\"@id\":\"https:\\\/\\\/sport.azemad.com\\\/es\\\/#website\"},\"primaryImageOfPage\":{\"@id\":\"https:\\\/\\\/sport.azemad.com\\\/es\\\/producto\\\/patines-eclipse-mini-hockey-g2\\\/#primaryimage\"},\"image\":{\"@id\":\"https:\\\/\\\/sport.azemad.com\\\/es\\\/producto\\\/patines-eclipse-mini-hockey-g2\\\/#primaryimage\"},\"thumbnailUrl\":\"https:\\\/\\\/sport.azemad.com\\\/wp-content\\\/uploads\\\/AZEMADSport_HBM02-C_A1_1080X1080.png\",\"datePublished\":\"2024-10-30T10:44:54+00:00\",\"dateModified\":\"2026-04-15T03:05:14+00:00\",\"description\":\"\u00a1Lo mejor para los mejores patinadores! \u00a1La forma correcta de aprender con seguridad y desarrollar sus habilidades de patinaje! - Azemad Sport\",\"breadcrumb\":{\"@id\":\"https:\\\/\\\/sport.azemad.com\\\/es\\\/producto\\\/patines-eclipse-mini-hockey-g2\\\/#breadcrumb\"},\"inLanguage\":\"es\",\"potentialAction\":[{\"@type\":\"ReadAction\",\"target\":[\"https:\\\/\\\/sport.azemad.com\\\/es\\\/producto\\\/patines-eclipse-mini-hockey-g2\\\/\"]}]},{\"@type\":\"ImageObject\",\"inLanguage\":\"es\",\"@id\":\"https:\\\/\\\/sport.azemad.com\\\/es\\\/producto\\\/patines-eclipse-mini-hockey-g2\\\/#primaryimage\",\"url\":\"https:\\\/\\\/sport.azemad.com\\\/wp-content\\\/uploads\\\/AZEMADSport_HBM02-C_A1_1080X1080.png\",\"contentUrl\":\"https:\\\/\\\/sport.azemad.com\\\/wp-content\\\/uploads\\\/AZEMADSport_HBM02-C_A1_1080X1080.png\",\"width\":1080,\"height\":1080},{\"@type\":\"BreadcrumbList\",\"@id\":\"https:\\\/\\\/sport.azemad.com\\\/es\\\/producto\\\/patines-eclipse-mini-hockey-g2\\\/#breadcrumb\",\"itemListElement\":[{\"@type\":\"ListItem\",\"position\":1,\"name\":\"In\u00edcio\",\"item\":\"https:\\\/\\\/sport.azemad.com\\\/es\\\/\"},{\"@type\":\"ListItem\",\"position\":2,\"name\":\"Tienda\",\"item\":\"https:\\\/\\\/sport.azemad.com\\\/es\\\/tienda\\\/\"},{\"@type\":\"ListItem\",\"position\":3,\"name\":\"Patines Eclipse Mini Hockey G2\"}]},{\"@type\":\"WebSite\",\"@id\":\"https:\\\/\\\/sport.azemad.com\\\/es\\\/#website\",\"url\":\"https:\\\/\\\/sport.azemad.com\\\/es\\\/\",\"name\":\"Azemad Sport\",\"description\":\"Artigos e Cat\u00e1logo para H\u00f3quei em Patins\",\"publisher\":{\"@id\":\"https:\\\/\\\/sport.azemad.com\\\/es\\\/#organization\"},\"potentialAction\":[{\"@type\":\"SearchAction\",\"target\":{\"@type\":\"EntryPoint\",\"urlTemplate\":\"https:\\\/\\\/sport.azemad.com\\\/es\\\/?s={search_term_string}\"},\"query-input\":{\"@type\":\"PropertyValueSpecification\",\"valueRequired\":true,\"valueName\":\"search_term_string\"}}],\"inLanguage\":\"es\"},{\"@type\":\"Organization\",\"@id\":\"https:\\\/\\\/sport.azemad.com\\\/es\\\/#organization\",\"name\":\"AZEMAD Sport\",\"alternateName\":\"Azemad Sport\",\"url\":\"https:\\\/\\\/sport.azemad.com\\\/es\\\/\",\"logo\":{\"@type\":\"ImageObject\",\"inLanguage\":\"es\",\"@id\":\"https:\\\/\\\/sport.azemad.com\\\/es\\\/#\\\/schema\\\/logo\\\/image\\\/\",\"url\":\"https:\\\/\\\/sport.azemad.com\\\/wp-content\\\/uploads\\\/2023\\\/10\\\/favicon.png\",\"contentUrl\":\"https:\\\/\\\/sport.azemad.com\\\/wp-content\\\/uploads\\\/2023\\\/10\\\/favicon.png\",\"width\":256,\"height\":256,\"caption\":\"AZEMAD Sport\"},\"image\":{\"@id\":\"https:\\\/\\\/sport.azemad.com\\\/es\\\/#\\\/schema\\\/logo\\\/image\\\/\"},\"sameAs\":[\"https:\\\/\\\/www.facebook.com\\\/azemadsport\",\"https:\\\/\\\/www.instagram.com\\\/azemad\\\/\",\"https:\\\/\\\/www.youtube.com\\\/c\\\/azemad\",\"https:\\\/\\\/www.linkedin.com\\\/company\\\/azemad\\\/\"]}]}<\/script>\n<!-- \/ Yoast SEO plugin. -->","yoast_head_json":{"title":"Patines Eclipse Mini Hockey G2 - Azemad Sport","description":"\u00a1Lo mejor para los mejores patinadores! \u00a1La forma correcta de aprender con seguridad y desarrollar sus habilidades de patinaje! - Azemad Sport","robots":{"index":"index","follow":"follow","max-snippet":"max-snippet:-1","max-image-preview":"max-image-preview:large","max-video-preview":"max-video-preview:-1"},"canonical":"https:\/\/sport.azemad.com\/es\/producto\/patines-eclipse-mini-hockey-g2\/","og_locale":"es_ES","og_type":"article","og_title":"Patines Eclipse Mini Hockey G2 - Azemad Sport","og_description":"\u00a1Lo mejor para los mejores patinadores! \u00a1La forma correcta de aprender con seguridad y desarrollar sus habilidades de patinaje! - Azemad Sport","og_url":"https:\/\/sport.azemad.com\/es\/producto\/patines-eclipse-mini-hockey-g2\/","og_site_name":"Azemad Sport","article_publisher":"https:\/\/www.facebook.com\/azemadsport","article_modified_time":"2026-04-15T03:05:14+00:00","og_image":[{"width":1080,"height":1080,"url":"https:\/\/sport.azemad.com\/wp-content\/uploads\/AZEMADSport_HBM02-C_A1_1080X1080.png","type":"image\/png"}],"twitter_card":"summary_large_image","twitter_misc":{"Tiempo de lectura":"1 minuto"},"schema":{"@context":"https:\/\/schema.org","@graph":[{"@type":"WebPage","@id":"https:\/\/sport.azemad.com\/es\/producto\/patines-eclipse-mini-hockey-g2\/","url":"https:\/\/sport.azemad.com\/es\/producto\/patines-eclipse-mini-hockey-g2\/","name":"Patines Eclipse Mini Hockey G2 - Azemad Sport","isPartOf":{"@id":"https:\/\/sport.azemad.com\/es\/#website"},"primaryImageOfPage":{"@id":"https:\/\/sport.azemad.com\/es\/producto\/patines-eclipse-mini-hockey-g2\/#primaryimage"},"image":{"@id":"https:\/\/sport.azemad.com\/es\/producto\/patines-eclipse-mini-hockey-g2\/#primaryimage"},"thumbnailUrl":"https:\/\/sport.azemad.com\/wp-content\/uploads\/AZEMADSport_HBM02-C_A1_1080X1080.png","datePublished":"2024-10-30T10:44:54+00:00","dateModified":"2026-04-15T03:05:14+00:00","description":"\u00a1Lo mejor para los mejores patinadores! \u00a1La forma correcta de aprender con seguridad y desarrollar sus habilidades de patinaje! - Azemad Sport","breadcrumb":{"@id":"https:\/\/sport.azemad.com\/es\/producto\/patines-eclipse-mini-hockey-g2\/#breadcrumb"},"inLanguage":"es","potentialAction":[{"@type":"ReadAction","target":["https:\/\/sport.azemad.com\/es\/producto\/patines-eclipse-mini-hockey-g2\/"]}]},{"@type":"ImageObject","inLanguage":"es","@id":"https:\/\/sport.azemad.com\/es\/producto\/patines-eclipse-mini-hockey-g2\/#primaryimage","url":"https:\/\/sport.azemad.com\/wp-content\/uploads\/AZEMADSport_HBM02-C_A1_1080X1080.png","contentUrl":"https:\/\/sport.azemad.com\/wp-content\/uploads\/AZEMADSport_HBM02-C_A1_1080X1080.png","width":1080,"height":1080},{"@type":"BreadcrumbList","@id":"https:\/\/sport.azemad.com\/es\/producto\/patines-eclipse-mini-hockey-g2\/#breadcrumb","itemListElement":[{"@type":"ListItem","position":1,"name":"In\u00edcio","item":"https:\/\/sport.azemad.com\/es\/"},{"@type":"ListItem","position":2,"name":"Tienda","item":"https:\/\/sport.azemad.com\/es\/tienda\/"},{"@type":"ListItem","position":3,"name":"Patines Eclipse Mini Hockey G2"}]},{"@type":"WebSite","@id":"https:\/\/sport.azemad.com\/es\/#website","url":"https:\/\/sport.azemad.com\/es\/","name":"Azemad Sport","description":"Artigos e Cat\u00e1logo para H\u00f3quei em Patins","publisher":{"@id":"https:\/\/sport.azemad.com\/es\/#organization"},"potentialAction":[{"@type":"SearchAction","target":{"@type":"EntryPoint","urlTemplate":"https:\/\/sport.azemad.com\/es\/?s={search_term_string}"},"query-input":{"@type":"PropertyValueSpecification","valueRequired":true,"valueName":"search_term_string"}}],"inLanguage":"es"},{"@type":"Organization","@id":"https:\/\/sport.azemad.com\/es\/#organization","name":"AZEMAD Sport","alternateName":"Azemad Sport","url":"https:\/\/sport.azemad.com\/es\/","logo":{"@type":"ImageObject","inLanguage":"es","@id":"https:\/\/sport.azemad.com\/es\/#\/schema\/logo\/image\/","url":"https:\/\/sport.azemad.com\/wp-content\/uploads\/2023\/10\/favicon.png","contentUrl":"https:\/\/sport.azemad.com\/wp-content\/uploads\/2023\/10\/favicon.png","width":256,"height":256,"caption":"AZEMAD Sport"},"image":{"@id":"https:\/\/sport.azemad.com\/es\/#\/schema\/logo\/image\/"},"sameAs":["https:\/\/www.facebook.com\/azemadsport","https:\/\/www.instagram.com\/azemad\/","https:\/\/www.youtube.com\/c\/azemad","https:\/\/www.linkedin.com\/company\/azemad\/"]}]}},"_links":{"self":[{"href":"https:\/\/sport.azemad.com\/es\/wp-json\/wp\/v2\/product\/142025","targetHints":{"allow":["GET"]}}],"collection":[{"href":"https:\/\/sport.azemad.com\/es\/wp-json\/wp\/v2\/product"}],"about":[{"href":"https:\/\/sport.azemad.com\/es\/wp-json\/wp\/v2\/types\/product"}],"wp:featuredmedia":[{"embeddable":true,"href":"https:\/\/sport.azemad.com\/es\/wp-json\/wp\/v2\/media\/178462"}],"wp:attachment":[{"href":"https:\/\/sport.azemad.com\/es\/wp-json\/wp\/v2\/media?parent=142025"}],"wp:term":[{"taxonomy":"product_brand","embeddable":true,"href":"https:\/\/sport.azemad.com\/es\/wp-json\/wp\/v2\/product_brand?post=142025"},{"taxonomy":"product_cat","embeddable":true,"href":"https:\/\/sport.azemad.com\/es\/wp-json\/wp\/v2\/product_cat?post=142025"},{"taxonomy":"product_tag","embeddable":true,"href":"https:\/\/sport.azemad.com\/es\/wp-json\/wp\/v2\/product_tag?post=142025"}],"curies":[{"name":"wp","href":"https:\/\/api.w.org\/{rel}","templated":true}]}}