{"id":169016,"date":"2025-10-27T23:20:07","date_gmt":"2025-10-27T23:20:07","guid":{"rendered":"https:\/\/sport.azemad.com\/produto\/azemad-jumbo\/"},"modified":"2026-04-02T09:58:21","modified_gmt":"2026-04-02T08:58:21","slug":"azemad-jumbo","status":"publish","type":"product","link":"https:\/\/sport.azemad.com\/es\/producto\/azemad-jumbo\/","title":{"rendered":"Azemad Jumbo"},"content":{"rendered":"<p>El modelo Jumbo tiene un mango m\u00e1s grueso y ancho que toda nuestra colecci\u00f3n, lo que mejora la sensaci\u00f3n de menor peso en la pala. Gracias a su geometr\u00eda gruesa y amplia, proporciona una sensaci\u00f3n de firmeza superior al mango Plus. Est\u00e1 indicado para aquellos que prefieren una mayor sensaci\u00f3n de seguridad durante todo el juego.<\/p>\n","protected":false},"excerpt":{"rendered":"<p>El modelo con el mango m\u00e1s grueso y ancho proporciona el agarre m\u00e1s seguro con una pala m\u00e1s r\u00e1pida y resistente.<\/p>\n","protected":false},"featured_media":177231,"template":"","meta":{"_acf_changed":false},"product_brand":[],"product_cat":[6400,6416],"product_tag":[],"class_list":{"0":"post-169016","1":"product","2":"type-product","3":"status-publish","4":"has-post-thumbnail","6":"product_cat-stick-stick-palas-azemad-es-04azm","7":"product_cat-stick-stick-mango-jumbo-es-05jmb","8":"pa_gama-intermedio_es","9":"pa_gama-profesional_es","10":"pa_posicao-jugador_es","12":"first","13":"instock","14":"taxable","15":"shipping-taxable","16":"purchasable","17":"product-type-simple"},"acf":[],"yoast_head":"<!-- This site is optimized with the Yoast SEO plugin v27.3 - https:\/\/yoast.com\/product\/yoast-seo-wordpress\/ -->\n<title>Azemad Jumbo - Azemad Sport<\/title>\n<meta name=\"description\" content=\"El modelo con el mango m\u00e1s grueso y ancho proporciona el agarre m\u00e1s seguro con una pala m\u00e1s r\u00e1pida y resistente. - Azemad Sport\" \/>\n<meta name=\"robots\" content=\"index, follow, max-snippet:-1, max-image-preview:large, max-video-preview:-1\" \/>\n<link rel=\"canonical\" href=\"https:\/\/sport.azemad.com\/es\/producto\/azemad-jumbo\/\" \/>\n<meta property=\"og:locale\" content=\"es_ES\" \/>\n<meta property=\"og:type\" content=\"article\" \/>\n<meta property=\"og:title\" content=\"Azemad Jumbo - Azemad Sport\" \/>\n<meta property=\"og:description\" content=\"El modelo con el mango m\u00e1s grueso y ancho proporciona el agarre m\u00e1s seguro con una pala m\u00e1s r\u00e1pida y resistente. - Azemad Sport\" \/>\n<meta property=\"og:url\" content=\"https:\/\/sport.azemad.com\/es\/producto\/azemad-jumbo\/\" \/>\n<meta property=\"og:site_name\" content=\"Azemad Sport\" \/>\n<meta property=\"article:publisher\" content=\"https:\/\/www.facebook.com\/azemadsport\" \/>\n<meta property=\"article:modified_time\" content=\"2026-04-02T08:58:21+00:00\" \/>\n<meta property=\"og:image\" content=\"https:\/\/sport.azemad.com\/wp-content\/uploads\/AZEMADSport_SU0604_A1_1080X1080.png\" \/>\n\t<meta property=\"og:image:width\" content=\"1080\" \/>\n\t<meta property=\"og:image:height\" content=\"1080\" \/>\n\t<meta property=\"og:image:type\" content=\"image\/png\" \/>\n<meta name=\"twitter:card\" content=\"summary_large_image\" \/>\n<script type=\"application\/ld+json\" class=\"yoast-schema-graph\">{\"@context\":\"https:\\\/\\\/schema.org\",\"@graph\":[{\"@type\":\"WebPage\",\"@id\":\"https:\\\/\\\/sport.azemad.com\\\/es\\\/producto\\\/azemad-jumbo\\\/\",\"url\":\"https:\\\/\\\/sport.azemad.com\\\/es\\\/producto\\\/azemad-jumbo\\\/\",\"name\":\"Azemad Jumbo - Azemad Sport\",\"isPartOf\":{\"@id\":\"https:\\\/\\\/sport.azemad.com\\\/es\\\/#website\"},\"primaryImageOfPage\":{\"@id\":\"https:\\\/\\\/sport.azemad.com\\\/es\\\/producto\\\/azemad-jumbo\\\/#primaryimage\"},\"image\":{\"@id\":\"https:\\\/\\\/sport.azemad.com\\\/es\\\/producto\\\/azemad-jumbo\\\/#primaryimage\"},\"thumbnailUrl\":\"https:\\\/\\\/sport.azemad.com\\\/wp-content\\\/uploads\\\/AZEMADSport_SU0604_A1_1080X1080.png\",\"datePublished\":\"2025-10-27T23:20:07+00:00\",\"dateModified\":\"2026-04-02T08:58:21+00:00\",\"description\":\"El modelo con el mango m\u00e1s grueso y ancho proporciona el agarre m\u00e1s seguro con una pala m\u00e1s r\u00e1pida y resistente. - Azemad Sport\",\"breadcrumb\":{\"@id\":\"https:\\\/\\\/sport.azemad.com\\\/es\\\/producto\\\/azemad-jumbo\\\/#breadcrumb\"},\"inLanguage\":\"es\",\"potentialAction\":[{\"@type\":\"ReadAction\",\"target\":[\"https:\\\/\\\/sport.azemad.com\\\/es\\\/producto\\\/azemad-jumbo\\\/\"]}]},{\"@type\":\"ImageObject\",\"inLanguage\":\"es\",\"@id\":\"https:\\\/\\\/sport.azemad.com\\\/es\\\/producto\\\/azemad-jumbo\\\/#primaryimage\",\"url\":\"https:\\\/\\\/sport.azemad.com\\\/wp-content\\\/uploads\\\/AZEMADSport_SU0604_A1_1080X1080.png\",\"contentUrl\":\"https:\\\/\\\/sport.azemad.com\\\/wp-content\\\/uploads\\\/AZEMADSport_SU0604_A1_1080X1080.png\",\"width\":1080,\"height\":1080},{\"@type\":\"BreadcrumbList\",\"@id\":\"https:\\\/\\\/sport.azemad.com\\\/es\\\/producto\\\/azemad-jumbo\\\/#breadcrumb\",\"itemListElement\":[{\"@type\":\"ListItem\",\"position\":1,\"name\":\"In\u00edcio\",\"item\":\"https:\\\/\\\/sport.azemad.com\\\/es\\\/\"},{\"@type\":\"ListItem\",\"position\":2,\"name\":\"Tienda\",\"item\":\"https:\\\/\\\/sport.azemad.com\\\/es\\\/tienda\\\/\"},{\"@type\":\"ListItem\",\"position\":3,\"name\":\"Azemad Jumbo\"}]},{\"@type\":\"WebSite\",\"@id\":\"https:\\\/\\\/sport.azemad.com\\\/es\\\/#website\",\"url\":\"https:\\\/\\\/sport.azemad.com\\\/es\\\/\",\"name\":\"Azemad Sport\",\"description\":\"Artigos e Cat\u00e1logo para H\u00f3quei em Patins\",\"publisher\":{\"@id\":\"https:\\\/\\\/sport.azemad.com\\\/es\\\/#organization\"},\"potentialAction\":[{\"@type\":\"SearchAction\",\"target\":{\"@type\":\"EntryPoint\",\"urlTemplate\":\"https:\\\/\\\/sport.azemad.com\\\/es\\\/?s={search_term_string}\"},\"query-input\":{\"@type\":\"PropertyValueSpecification\",\"valueRequired\":true,\"valueName\":\"search_term_string\"}}],\"inLanguage\":\"es\"},{\"@type\":\"Organization\",\"@id\":\"https:\\\/\\\/sport.azemad.com\\\/es\\\/#organization\",\"name\":\"AZEMAD Sport\",\"alternateName\":\"Azemad Sport\",\"url\":\"https:\\\/\\\/sport.azemad.com\\\/es\\\/\",\"logo\":{\"@type\":\"ImageObject\",\"inLanguage\":\"es\",\"@id\":\"https:\\\/\\\/sport.azemad.com\\\/es\\\/#\\\/schema\\\/logo\\\/image\\\/\",\"url\":\"https:\\\/\\\/sport.azemad.com\\\/wp-content\\\/uploads\\\/2023\\\/10\\\/favicon.png\",\"contentUrl\":\"https:\\\/\\\/sport.azemad.com\\\/wp-content\\\/uploads\\\/2023\\\/10\\\/favicon.png\",\"width\":256,\"height\":256,\"caption\":\"AZEMAD Sport\"},\"image\":{\"@id\":\"https:\\\/\\\/sport.azemad.com\\\/es\\\/#\\\/schema\\\/logo\\\/image\\\/\"},\"sameAs\":[\"https:\\\/\\\/www.facebook.com\\\/azemadsport\",\"https:\\\/\\\/www.instagram.com\\\/azemad\\\/\",\"https:\\\/\\\/www.youtube.com\\\/c\\\/azemad\",\"https:\\\/\\\/www.linkedin.com\\\/company\\\/azemad\\\/\"]}]}<\/script>\n<!-- \/ Yoast SEO plugin. -->","yoast_head_json":{"title":"Azemad Jumbo - Azemad Sport","description":"El modelo con el mango m\u00e1s grueso y ancho proporciona el agarre m\u00e1s seguro con una pala m\u00e1s r\u00e1pida y resistente. - Azemad Sport","robots":{"index":"index","follow":"follow","max-snippet":"max-snippet:-1","max-image-preview":"max-image-preview:large","max-video-preview":"max-video-preview:-1"},"canonical":"https:\/\/sport.azemad.com\/es\/producto\/azemad-jumbo\/","og_locale":"es_ES","og_type":"article","og_title":"Azemad Jumbo - Azemad Sport","og_description":"El modelo con el mango m\u00e1s grueso y ancho proporciona el agarre m\u00e1s seguro con una pala m\u00e1s r\u00e1pida y resistente. - Azemad Sport","og_url":"https:\/\/sport.azemad.com\/es\/producto\/azemad-jumbo\/","og_site_name":"Azemad Sport","article_publisher":"https:\/\/www.facebook.com\/azemadsport","article_modified_time":"2026-04-02T08:58:21+00:00","og_image":[{"width":1080,"height":1080,"url":"https:\/\/sport.azemad.com\/wp-content\/uploads\/AZEMADSport_SU0604_A1_1080X1080.png","type":"image\/png"}],"twitter_card":"summary_large_image","schema":{"@context":"https:\/\/schema.org","@graph":[{"@type":"WebPage","@id":"https:\/\/sport.azemad.com\/es\/producto\/azemad-jumbo\/","url":"https:\/\/sport.azemad.com\/es\/producto\/azemad-jumbo\/","name":"Azemad Jumbo - Azemad Sport","isPartOf":{"@id":"https:\/\/sport.azemad.com\/es\/#website"},"primaryImageOfPage":{"@id":"https:\/\/sport.azemad.com\/es\/producto\/azemad-jumbo\/#primaryimage"},"image":{"@id":"https:\/\/sport.azemad.com\/es\/producto\/azemad-jumbo\/#primaryimage"},"thumbnailUrl":"https:\/\/sport.azemad.com\/wp-content\/uploads\/AZEMADSport_SU0604_A1_1080X1080.png","datePublished":"2025-10-27T23:20:07+00:00","dateModified":"2026-04-02T08:58:21+00:00","description":"El modelo con el mango m\u00e1s grueso y ancho proporciona el agarre m\u00e1s seguro con una pala m\u00e1s r\u00e1pida y resistente. - Azemad Sport","breadcrumb":{"@id":"https:\/\/sport.azemad.com\/es\/producto\/azemad-jumbo\/#breadcrumb"},"inLanguage":"es","potentialAction":[{"@type":"ReadAction","target":["https:\/\/sport.azemad.com\/es\/producto\/azemad-jumbo\/"]}]},{"@type":"ImageObject","inLanguage":"es","@id":"https:\/\/sport.azemad.com\/es\/producto\/azemad-jumbo\/#primaryimage","url":"https:\/\/sport.azemad.com\/wp-content\/uploads\/AZEMADSport_SU0604_A1_1080X1080.png","contentUrl":"https:\/\/sport.azemad.com\/wp-content\/uploads\/AZEMADSport_SU0604_A1_1080X1080.png","width":1080,"height":1080},{"@type":"BreadcrumbList","@id":"https:\/\/sport.azemad.com\/es\/producto\/azemad-jumbo\/#breadcrumb","itemListElement":[{"@type":"ListItem","position":1,"name":"In\u00edcio","item":"https:\/\/sport.azemad.com\/es\/"},{"@type":"ListItem","position":2,"name":"Tienda","item":"https:\/\/sport.azemad.com\/es\/tienda\/"},{"@type":"ListItem","position":3,"name":"Azemad Jumbo"}]},{"@type":"WebSite","@id":"https:\/\/sport.azemad.com\/es\/#website","url":"https:\/\/sport.azemad.com\/es\/","name":"Azemad Sport","description":"Artigos e Cat\u00e1logo para H\u00f3quei em Patins","publisher":{"@id":"https:\/\/sport.azemad.com\/es\/#organization"},"potentialAction":[{"@type":"SearchAction","target":{"@type":"EntryPoint","urlTemplate":"https:\/\/sport.azemad.com\/es\/?s={search_term_string}"},"query-input":{"@type":"PropertyValueSpecification","valueRequired":true,"valueName":"search_term_string"}}],"inLanguage":"es"},{"@type":"Organization","@id":"https:\/\/sport.azemad.com\/es\/#organization","name":"AZEMAD Sport","alternateName":"Azemad Sport","url":"https:\/\/sport.azemad.com\/es\/","logo":{"@type":"ImageObject","inLanguage":"es","@id":"https:\/\/sport.azemad.com\/es\/#\/schema\/logo\/image\/","url":"https:\/\/sport.azemad.com\/wp-content\/uploads\/2023\/10\/favicon.png","contentUrl":"https:\/\/sport.azemad.com\/wp-content\/uploads\/2023\/10\/favicon.png","width":256,"height":256,"caption":"AZEMAD Sport"},"image":{"@id":"https:\/\/sport.azemad.com\/es\/#\/schema\/logo\/image\/"},"sameAs":["https:\/\/www.facebook.com\/azemadsport","https:\/\/www.instagram.com\/azemad\/","https:\/\/www.youtube.com\/c\/azemad","https:\/\/www.linkedin.com\/company\/azemad\/"]}]}},"_links":{"self":[{"href":"https:\/\/sport.azemad.com\/es\/wp-json\/wp\/v2\/product\/169016","targetHints":{"allow":["GET"]}}],"collection":[{"href":"https:\/\/sport.azemad.com\/es\/wp-json\/wp\/v2\/product"}],"about":[{"href":"https:\/\/sport.azemad.com\/es\/wp-json\/wp\/v2\/types\/product"}],"wp:featuredmedia":[{"embeddable":true,"href":"https:\/\/sport.azemad.com\/es\/wp-json\/wp\/v2\/media\/177231"}],"wp:attachment":[{"href":"https:\/\/sport.azemad.com\/es\/wp-json\/wp\/v2\/media?parent=169016"}],"wp:term":[{"taxonomy":"product_brand","embeddable":true,"href":"https:\/\/sport.azemad.com\/es\/wp-json\/wp\/v2\/product_brand?post=169016"},{"taxonomy":"product_cat","embeddable":true,"href":"https:\/\/sport.azemad.com\/es\/wp-json\/wp\/v2\/product_cat?post=169016"},{"taxonomy":"product_tag","embeddable":true,"href":"https:\/\/sport.azemad.com\/es\/wp-json\/wp\/v2\/product_tag?post=169016"}],"curies":[{"name":"wp","href":"https:\/\/api.w.org\/{rel}","templated":true}]}}