{"id":170663,"date":"2025-11-10T15:44:14","date_gmt":"2025-11-10T15:44:14","guid":{"rendered":"https:\/\/sport.azemad.com\/produto\/guantes-interiores-para-porteros-3\/"},"modified":"2026-04-02T10:25:29","modified_gmt":"2026-04-02T09:25:29","slug":"guantes-interiores-para-porteros-3","status":"publish","type":"product","link":"https:\/\/sport.azemad.com\/es\/producto\/guantes-interiores-para-porteros-3\/","title":{"rendered":"Guantes interiores V-Guard"},"content":{"rendered":"<p>Los Guantes Interiores V-Guard AZEMAD ofrecen protecci\u00f3n, comodidad y agarre con un dise\u00f1o de bajo perfil. Fabricados con materiales ligeros y transpirables, mejoran el ajuste bajo los guantes principales. La rigidez del pu\u00f1o m\u00e1s largo proporciona un ajuste superior y mayor fricci\u00f3n con el guante exterior, garantizando un mejor rendimiento y estabilidad en el campo.<\/p>\n","protected":false},"excerpt":{"rendered":"<p>Los Guantes Interiores V-Guard AZEMAD ofrecen protecci\u00f3n y comodidad con un dise\u00f1o de bajo perfil. El pu\u00f1o r\u00edgido y m\u00e1s largo garantiza un ajuste superior y mayor fricci\u00f3n con el guante exterior, maximizando el rendimiento en el campo.<\/p>\n","protected":false},"featured_media":177926,"template":"","meta":{"_acf_changed":false},"product_brand":[],"product_cat":[6409,6408],"product_tag":[],"class_list":{"0":"post-170663","1":"product","2":"type-product","3":"status-publish","4":"has-post-thumbnail","6":"product_cat-protecciones-protecciones-portero-complementar-es-05grc","7":"product_cat-protecciones-portero-es-04grs","8":"pa_colecao-v-guard_es","9":"pa_gama-profesional_es","10":"pa_lateralidade-derecha","11":"pa_lateralidade-izquierda-es","12":"pa_posicao-portero_es","13":"pa_tamanho-2xl-es","14":"pa_tamanho-2xs-es","15":"pa_tamanho-l-es","16":"pa_tamanho-m-es","17":"pa_tamanho-s-es","18":"pa_tamanho-xl-es","19":"pa_tamanho-xs-es","21":"first","22":"instock","23":"taxable","24":"shipping-taxable","25":"purchasable","26":"product-type-variable"},"acf":[],"yoast_head":"<!-- This site is optimized with the Yoast SEO plugin v27.3 - https:\/\/yoast.com\/product\/yoast-seo-wordpress\/ -->\n<title>Guantes interiores V-Guard - Azemad Sport<\/title>\n<meta name=\"description\" content=\"Los Guantes Interiores V-Guard AZEMAD ofrecen protecci\u00f3n y comodidad con un dise\u00f1o de bajo perfil. El pu\u00f1o r\u00edgido y m\u00e1s largo garantiza un ajuste superior y mayor fricci\u00f3n con el guante exterior, maximizando el rendimiento en el campo. - Azemad Sport\" \/>\n<meta name=\"robots\" content=\"index, follow, max-snippet:-1, max-image-preview:large, max-video-preview:-1\" \/>\n<link rel=\"canonical\" href=\"https:\/\/sport.azemad.com\/es\/producto\/guantes-interiores-para-porteros-3\/\" \/>\n<meta property=\"og:locale\" content=\"es_ES\" \/>\n<meta property=\"og:type\" content=\"article\" \/>\n<meta property=\"og:title\" content=\"Guantes interiores V-Guard - Azemad Sport\" \/>\n<meta property=\"og:description\" content=\"Los Guantes Interiores V-Guard AZEMAD ofrecen protecci\u00f3n y comodidad con un dise\u00f1o de bajo perfil. El pu\u00f1o r\u00edgido y m\u00e1s largo garantiza un ajuste superior y mayor fricci\u00f3n con el guante exterior, maximizando el rendimiento en el campo. - Azemad Sport\" \/>\n<meta property=\"og:url\" content=\"https:\/\/sport.azemad.com\/es\/producto\/guantes-interiores-para-porteros-3\/\" \/>\n<meta property=\"og:site_name\" content=\"Azemad Sport\" \/>\n<meta property=\"article:publisher\" content=\"https:\/\/www.facebook.com\/azemadsport\" \/>\n<meta property=\"article:modified_time\" content=\"2026-04-02T09:25:29+00:00\" \/>\n<meta property=\"og:image\" content=\"https:\/\/sport.azemad.com\/wp-content\/uploads\/AZEMADSport_HGRLI02_A1_1080X1080.png\" \/>\n\t<meta property=\"og:image:width\" content=\"1080\" \/>\n\t<meta property=\"og:image:height\" content=\"1080\" \/>\n\t<meta property=\"og:image:type\" content=\"image\/png\" \/>\n<meta name=\"twitter:card\" content=\"summary_large_image\" \/>\n<script type=\"application\/ld+json\" class=\"yoast-schema-graph\">{\"@context\":\"https:\\\/\\\/schema.org\",\"@graph\":[{\"@type\":\"WebPage\",\"@id\":\"https:\\\/\\\/sport.azemad.com\\\/es\\\/producto\\\/guantes-interiores-para-porteros-3\\\/\",\"url\":\"https:\\\/\\\/sport.azemad.com\\\/es\\\/producto\\\/guantes-interiores-para-porteros-3\\\/\",\"name\":\"Guantes interiores V-Guard - Azemad Sport\",\"isPartOf\":{\"@id\":\"https:\\\/\\\/sport.azemad.com\\\/es\\\/#website\"},\"primaryImageOfPage\":{\"@id\":\"https:\\\/\\\/sport.azemad.com\\\/es\\\/producto\\\/guantes-interiores-para-porteros-3\\\/#primaryimage\"},\"image\":{\"@id\":\"https:\\\/\\\/sport.azemad.com\\\/es\\\/producto\\\/guantes-interiores-para-porteros-3\\\/#primaryimage\"},\"thumbnailUrl\":\"https:\\\/\\\/sport.azemad.com\\\/wp-content\\\/uploads\\\/AZEMADSport_HGRLI02_A1_1080X1080.png\",\"datePublished\":\"2025-11-10T15:44:14+00:00\",\"dateModified\":\"2026-04-02T09:25:29+00:00\",\"description\":\"Los Guantes Interiores V-Guard AZEMAD ofrecen protecci\u00f3n y comodidad con un dise\u00f1o de bajo perfil. El pu\u00f1o r\u00edgido y m\u00e1s largo garantiza un ajuste superior y mayor fricci\u00f3n con el guante exterior, maximizando el rendimiento en el campo. - Azemad Sport\",\"breadcrumb\":{\"@id\":\"https:\\\/\\\/sport.azemad.com\\\/es\\\/producto\\\/guantes-interiores-para-porteros-3\\\/#breadcrumb\"},\"inLanguage\":\"es\",\"potentialAction\":[{\"@type\":\"ReadAction\",\"target\":[\"https:\\\/\\\/sport.azemad.com\\\/es\\\/producto\\\/guantes-interiores-para-porteros-3\\\/\"]}]},{\"@type\":\"ImageObject\",\"inLanguage\":\"es\",\"@id\":\"https:\\\/\\\/sport.azemad.com\\\/es\\\/producto\\\/guantes-interiores-para-porteros-3\\\/#primaryimage\",\"url\":\"https:\\\/\\\/sport.azemad.com\\\/wp-content\\\/uploads\\\/AZEMADSport_HGRLI02_A1_1080X1080.png\",\"contentUrl\":\"https:\\\/\\\/sport.azemad.com\\\/wp-content\\\/uploads\\\/AZEMADSport_HGRLI02_A1_1080X1080.png\",\"width\":1080,\"height\":1080},{\"@type\":\"BreadcrumbList\",\"@id\":\"https:\\\/\\\/sport.azemad.com\\\/es\\\/producto\\\/guantes-interiores-para-porteros-3\\\/#breadcrumb\",\"itemListElement\":[{\"@type\":\"ListItem\",\"position\":1,\"name\":\"In\u00edcio\",\"item\":\"https:\\\/\\\/sport.azemad.com\\\/es\\\/\"},{\"@type\":\"ListItem\",\"position\":2,\"name\":\"Tienda\",\"item\":\"https:\\\/\\\/sport.azemad.com\\\/es\\\/tienda\\\/\"},{\"@type\":\"ListItem\",\"position\":3,\"name\":\"Guantes interiores V-Guard\"}]},{\"@type\":\"WebSite\",\"@id\":\"https:\\\/\\\/sport.azemad.com\\\/es\\\/#website\",\"url\":\"https:\\\/\\\/sport.azemad.com\\\/es\\\/\",\"name\":\"Azemad Sport\",\"description\":\"Artigos e Cat\u00e1logo para H\u00f3quei em Patins\",\"publisher\":{\"@id\":\"https:\\\/\\\/sport.azemad.com\\\/es\\\/#organization\"},\"potentialAction\":[{\"@type\":\"SearchAction\",\"target\":{\"@type\":\"EntryPoint\",\"urlTemplate\":\"https:\\\/\\\/sport.azemad.com\\\/es\\\/?s={search_term_string}\"},\"query-input\":{\"@type\":\"PropertyValueSpecification\",\"valueRequired\":true,\"valueName\":\"search_term_string\"}}],\"inLanguage\":\"es\"},{\"@type\":\"Organization\",\"@id\":\"https:\\\/\\\/sport.azemad.com\\\/es\\\/#organization\",\"name\":\"AZEMAD Sport\",\"alternateName\":\"Azemad Sport\",\"url\":\"https:\\\/\\\/sport.azemad.com\\\/es\\\/\",\"logo\":{\"@type\":\"ImageObject\",\"inLanguage\":\"es\",\"@id\":\"https:\\\/\\\/sport.azemad.com\\\/es\\\/#\\\/schema\\\/logo\\\/image\\\/\",\"url\":\"https:\\\/\\\/sport.azemad.com\\\/wp-content\\\/uploads\\\/2023\\\/10\\\/favicon.png\",\"contentUrl\":\"https:\\\/\\\/sport.azemad.com\\\/wp-content\\\/uploads\\\/2023\\\/10\\\/favicon.png\",\"width\":256,\"height\":256,\"caption\":\"AZEMAD Sport\"},\"image\":{\"@id\":\"https:\\\/\\\/sport.azemad.com\\\/es\\\/#\\\/schema\\\/logo\\\/image\\\/\"},\"sameAs\":[\"https:\\\/\\\/www.facebook.com\\\/azemadsport\",\"https:\\\/\\\/www.instagram.com\\\/azemad\\\/\",\"https:\\\/\\\/www.youtube.com\\\/c\\\/azemad\",\"https:\\\/\\\/www.linkedin.com\\\/company\\\/azemad\\\/\"]}]}<\/script>\n<!-- \/ Yoast SEO plugin. -->","yoast_head_json":{"title":"Guantes interiores V-Guard - Azemad Sport","description":"Los Guantes Interiores V-Guard AZEMAD ofrecen protecci\u00f3n y comodidad con un dise\u00f1o de bajo perfil. El pu\u00f1o r\u00edgido y m\u00e1s largo garantiza un ajuste superior y mayor fricci\u00f3n con el guante exterior, maximizando el rendimiento en el campo. - Azemad Sport","robots":{"index":"index","follow":"follow","max-snippet":"max-snippet:-1","max-image-preview":"max-image-preview:large","max-video-preview":"max-video-preview:-1"},"canonical":"https:\/\/sport.azemad.com\/es\/producto\/guantes-interiores-para-porteros-3\/","og_locale":"es_ES","og_type":"article","og_title":"Guantes interiores V-Guard - Azemad Sport","og_description":"Los Guantes Interiores V-Guard AZEMAD ofrecen protecci\u00f3n y comodidad con un dise\u00f1o de bajo perfil. El pu\u00f1o r\u00edgido y m\u00e1s largo garantiza un ajuste superior y mayor fricci\u00f3n con el guante exterior, maximizando el rendimiento en el campo. - Azemad Sport","og_url":"https:\/\/sport.azemad.com\/es\/producto\/guantes-interiores-para-porteros-3\/","og_site_name":"Azemad Sport","article_publisher":"https:\/\/www.facebook.com\/azemadsport","article_modified_time":"2026-04-02T09:25:29+00:00","og_image":[{"width":1080,"height":1080,"url":"https:\/\/sport.azemad.com\/wp-content\/uploads\/AZEMADSport_HGRLI02_A1_1080X1080.png","type":"image\/png"}],"twitter_card":"summary_large_image","schema":{"@context":"https:\/\/schema.org","@graph":[{"@type":"WebPage","@id":"https:\/\/sport.azemad.com\/es\/producto\/guantes-interiores-para-porteros-3\/","url":"https:\/\/sport.azemad.com\/es\/producto\/guantes-interiores-para-porteros-3\/","name":"Guantes interiores V-Guard - Azemad Sport","isPartOf":{"@id":"https:\/\/sport.azemad.com\/es\/#website"},"primaryImageOfPage":{"@id":"https:\/\/sport.azemad.com\/es\/producto\/guantes-interiores-para-porteros-3\/#primaryimage"},"image":{"@id":"https:\/\/sport.azemad.com\/es\/producto\/guantes-interiores-para-porteros-3\/#primaryimage"},"thumbnailUrl":"https:\/\/sport.azemad.com\/wp-content\/uploads\/AZEMADSport_HGRLI02_A1_1080X1080.png","datePublished":"2025-11-10T15:44:14+00:00","dateModified":"2026-04-02T09:25:29+00:00","description":"Los Guantes Interiores V-Guard AZEMAD ofrecen protecci\u00f3n y comodidad con un dise\u00f1o de bajo perfil. El pu\u00f1o r\u00edgido y m\u00e1s largo garantiza un ajuste superior y mayor fricci\u00f3n con el guante exterior, maximizando el rendimiento en el campo. - Azemad Sport","breadcrumb":{"@id":"https:\/\/sport.azemad.com\/es\/producto\/guantes-interiores-para-porteros-3\/#breadcrumb"},"inLanguage":"es","potentialAction":[{"@type":"ReadAction","target":["https:\/\/sport.azemad.com\/es\/producto\/guantes-interiores-para-porteros-3\/"]}]},{"@type":"ImageObject","inLanguage":"es","@id":"https:\/\/sport.azemad.com\/es\/producto\/guantes-interiores-para-porteros-3\/#primaryimage","url":"https:\/\/sport.azemad.com\/wp-content\/uploads\/AZEMADSport_HGRLI02_A1_1080X1080.png","contentUrl":"https:\/\/sport.azemad.com\/wp-content\/uploads\/AZEMADSport_HGRLI02_A1_1080X1080.png","width":1080,"height":1080},{"@type":"BreadcrumbList","@id":"https:\/\/sport.azemad.com\/es\/producto\/guantes-interiores-para-porteros-3\/#breadcrumb","itemListElement":[{"@type":"ListItem","position":1,"name":"In\u00edcio","item":"https:\/\/sport.azemad.com\/es\/"},{"@type":"ListItem","position":2,"name":"Tienda","item":"https:\/\/sport.azemad.com\/es\/tienda\/"},{"@type":"ListItem","position":3,"name":"Guantes interiores V-Guard"}]},{"@type":"WebSite","@id":"https:\/\/sport.azemad.com\/es\/#website","url":"https:\/\/sport.azemad.com\/es\/","name":"Azemad Sport","description":"Artigos e Cat\u00e1logo para H\u00f3quei em Patins","publisher":{"@id":"https:\/\/sport.azemad.com\/es\/#organization"},"potentialAction":[{"@type":"SearchAction","target":{"@type":"EntryPoint","urlTemplate":"https:\/\/sport.azemad.com\/es\/?s={search_term_string}"},"query-input":{"@type":"PropertyValueSpecification","valueRequired":true,"valueName":"search_term_string"}}],"inLanguage":"es"},{"@type":"Organization","@id":"https:\/\/sport.azemad.com\/es\/#organization","name":"AZEMAD Sport","alternateName":"Azemad Sport","url":"https:\/\/sport.azemad.com\/es\/","logo":{"@type":"ImageObject","inLanguage":"es","@id":"https:\/\/sport.azemad.com\/es\/#\/schema\/logo\/image\/","url":"https:\/\/sport.azemad.com\/wp-content\/uploads\/2023\/10\/favicon.png","contentUrl":"https:\/\/sport.azemad.com\/wp-content\/uploads\/2023\/10\/favicon.png","width":256,"height":256,"caption":"AZEMAD Sport"},"image":{"@id":"https:\/\/sport.azemad.com\/es\/#\/schema\/logo\/image\/"},"sameAs":["https:\/\/www.facebook.com\/azemadsport","https:\/\/www.instagram.com\/azemad\/","https:\/\/www.youtube.com\/c\/azemad","https:\/\/www.linkedin.com\/company\/azemad\/"]}]}},"_links":{"self":[{"href":"https:\/\/sport.azemad.com\/es\/wp-json\/wp\/v2\/product\/170663","targetHints":{"allow":["GET"]}}],"collection":[{"href":"https:\/\/sport.azemad.com\/es\/wp-json\/wp\/v2\/product"}],"about":[{"href":"https:\/\/sport.azemad.com\/es\/wp-json\/wp\/v2\/types\/product"}],"wp:featuredmedia":[{"embeddable":true,"href":"https:\/\/sport.azemad.com\/es\/wp-json\/wp\/v2\/media\/177926"}],"wp:attachment":[{"href":"https:\/\/sport.azemad.com\/es\/wp-json\/wp\/v2\/media?parent=170663"}],"wp:term":[{"taxonomy":"product_brand","embeddable":true,"href":"https:\/\/sport.azemad.com\/es\/wp-json\/wp\/v2\/product_brand?post=170663"},{"taxonomy":"product_cat","embeddable":true,"href":"https:\/\/sport.azemad.com\/es\/wp-json\/wp\/v2\/product_cat?post=170663"},{"taxonomy":"product_tag","embeddable":true,"href":"https:\/\/sport.azemad.com\/es\/wp-json\/wp\/v2\/product_tag?post=170663"}],"curies":[{"name":"wp","href":"https:\/\/api.w.org\/{rel}","templated":true}]}}