{"id":170693,"date":"2025-11-10T18:42:39","date_gmt":"2025-11-10T18:42:39","guid":{"rendered":"https:\/\/sport.azemad.com\/produto\/botas-eclipse-umbra-g2\/"},"modified":"2026-04-02T10:07:47","modified_gmt":"2026-04-02T09:07:47","slug":"botas-eclipse-umbra-g2","status":"publish","type":"product","link":"https:\/\/sport.azemad.com\/es\/producto\/botas-eclipse-umbra-g2\/","title":{"rendered":"Botas Eclipse Umbra G2"},"content":{"rendered":"<p>La nueva geometr\u00eda de la bota ha sido redise\u00f1ada para un mejor ajuste al pie. Las Botas Eclipse Umbra G2 cuentan con ergonom\u00eda avanzada y un dise\u00f1o de perfil bajo, ofreciendo una mayor libertad de movimiento.<br \/>\nLa suela de nueva generaci\u00f3n est\u00e1 reforzada y es m\u00e1s transpirable, lo que mejora la durabilidad de los materiales y proporciona una mayor sensaci\u00f3n de preparaci\u00f3n para los atletas.<br \/>\nAl igual que las botas de la generaci\u00f3n anterior, la nueva versi\u00f3n Umbra tambi\u00e9n est\u00e1 hecha de cuero, lo que permite un f\u00e1cil mantenimiento y un aumento en la durabilidad sin comprometer la comodidad ni la sensaci\u00f3n de seguridad.<\/p>\n","protected":false},"excerpt":{"rendered":"<p>Las botas AZEMAD Eclipse Umbra G2 son una nueva generaci\u00f3n de botas Azemad.<br \/>\nTienen un dise\u00f1o similar, pero con diferencias visibles.<\/p>\n","protected":false},"featured_media":177210,"template":"","meta":{"_acf_changed":false},"product_brand":[],"product_cat":[6405],"product_tag":[],"class_list":{"0":"post-170693","1":"product","2":"type-product","3":"status-publish","4":"has-post-thumbnail","6":"product_cat-patines-botas-es-04bot","7":"pa_colecao-eclipse_es","8":"pa_cor-blanco_es","9":"pa_cor-negro_es","10":"pa_forma-36_es","11":"pa_forma-37_es","12":"pa_forma-38_es","13":"pa_forma-39_es","14":"pa_forma-40_es","15":"pa_forma-41_es","16":"pa_forma-42_es","17":"pa_forma-43_es","18":"pa_forma-44_es","19":"pa_forma-45_es","20":"pa_forma-46_es","21":"pa_gama-profesional_es","23":"first","24":"instock","25":"taxable","26":"shipping-taxable","27":"purchasable","28":"product-type-variable"},"acf":[],"yoast_head":"<!-- This site is optimized with the Yoast SEO plugin v27.3 - https:\/\/yoast.com\/product\/yoast-seo-wordpress\/ -->\n<title>Botas Eclipse Umbra G2 - Azemad Sport<\/title>\n<meta name=\"description\" content=\"Las botas AZEMAD Eclipse Umbra G2 son una nueva generaci\u00f3n de botas Azemad. Tienen un dise\u00f1o similar, pero con diferencias visibles. - Azemad Sport\" \/>\n<meta name=\"robots\" content=\"index, follow, max-snippet:-1, max-image-preview:large, max-video-preview:-1\" \/>\n<link rel=\"canonical\" href=\"https:\/\/sport.azemad.com\/es\/producto\/botas-eclipse-umbra-g2\/\" \/>\n<meta property=\"og:locale\" content=\"es_ES\" \/>\n<meta property=\"og:type\" content=\"article\" \/>\n<meta property=\"og:title\" content=\"Botas Eclipse Umbra G2 - Azemad Sport\" \/>\n<meta property=\"og:description\" content=\"Las botas AZEMAD Eclipse Umbra G2 son una nueva generaci\u00f3n de botas Azemad. Tienen un dise\u00f1o similar, pero con diferencias visibles. - Azemad Sport\" \/>\n<meta property=\"og:url\" content=\"https:\/\/sport.azemad.com\/es\/producto\/botas-eclipse-umbra-g2\/\" \/>\n<meta property=\"og:site_name\" content=\"Azemad Sport\" \/>\n<meta property=\"article:publisher\" content=\"https:\/\/www.facebook.com\/azemadsport\" \/>\n<meta property=\"article:modified_time\" content=\"2026-04-02T09:07:47+00:00\" \/>\n<meta property=\"og:image\" content=\"https:\/\/sport.azemad.com\/wp-content\/uploads\/AZEMADSport_HBT03-K_A1_1080X1080.png\" \/>\n\t<meta property=\"og:image:width\" content=\"1080\" \/>\n\t<meta property=\"og:image:height\" content=\"1080\" \/>\n\t<meta property=\"og:image:type\" content=\"image\/png\" \/>\n<meta name=\"twitter:card\" content=\"summary_large_image\" \/>\n<meta name=\"twitter:label1\" content=\"Tiempo de lectura\" \/>\n\t<meta name=\"twitter:data1\" content=\"1 minuto\" \/>\n<script type=\"application\/ld+json\" class=\"yoast-schema-graph\">{\"@context\":\"https:\\\/\\\/schema.org\",\"@graph\":[{\"@type\":\"WebPage\",\"@id\":\"https:\\\/\\\/sport.azemad.com\\\/es\\\/producto\\\/botas-eclipse-umbra-g2\\\/\",\"url\":\"https:\\\/\\\/sport.azemad.com\\\/es\\\/producto\\\/botas-eclipse-umbra-g2\\\/\",\"name\":\"Botas Eclipse Umbra G2 - Azemad Sport\",\"isPartOf\":{\"@id\":\"https:\\\/\\\/sport.azemad.com\\\/es\\\/#website\"},\"primaryImageOfPage\":{\"@id\":\"https:\\\/\\\/sport.azemad.com\\\/es\\\/producto\\\/botas-eclipse-umbra-g2\\\/#primaryimage\"},\"image\":{\"@id\":\"https:\\\/\\\/sport.azemad.com\\\/es\\\/producto\\\/botas-eclipse-umbra-g2\\\/#primaryimage\"},\"thumbnailUrl\":\"https:\\\/\\\/sport.azemad.com\\\/wp-content\\\/uploads\\\/AZEMADSport_HBT03-K_A1_1080X1080.png\",\"datePublished\":\"2025-11-10T18:42:39+00:00\",\"dateModified\":\"2026-04-02T09:07:47+00:00\",\"description\":\"Las botas AZEMAD Eclipse Umbra G2 son una nueva generaci\u00f3n de botas Azemad. Tienen un dise\u00f1o similar, pero con diferencias visibles. - Azemad Sport\",\"breadcrumb\":{\"@id\":\"https:\\\/\\\/sport.azemad.com\\\/es\\\/producto\\\/botas-eclipse-umbra-g2\\\/#breadcrumb\"},\"inLanguage\":\"es\",\"potentialAction\":[{\"@type\":\"ReadAction\",\"target\":[\"https:\\\/\\\/sport.azemad.com\\\/es\\\/producto\\\/botas-eclipse-umbra-g2\\\/\"]}]},{\"@type\":\"ImageObject\",\"inLanguage\":\"es\",\"@id\":\"https:\\\/\\\/sport.azemad.com\\\/es\\\/producto\\\/botas-eclipse-umbra-g2\\\/#primaryimage\",\"url\":\"https:\\\/\\\/sport.azemad.com\\\/wp-content\\\/uploads\\\/AZEMADSport_HBT03-K_A1_1080X1080.png\",\"contentUrl\":\"https:\\\/\\\/sport.azemad.com\\\/wp-content\\\/uploads\\\/AZEMADSport_HBT03-K_A1_1080X1080.png\",\"width\":1080,\"height\":1080},{\"@type\":\"BreadcrumbList\",\"@id\":\"https:\\\/\\\/sport.azemad.com\\\/es\\\/producto\\\/botas-eclipse-umbra-g2\\\/#breadcrumb\",\"itemListElement\":[{\"@type\":\"ListItem\",\"position\":1,\"name\":\"In\u00edcio\",\"item\":\"https:\\\/\\\/sport.azemad.com\\\/es\\\/\"},{\"@type\":\"ListItem\",\"position\":2,\"name\":\"Tienda\",\"item\":\"https:\\\/\\\/sport.azemad.com\\\/es\\\/tienda\\\/\"},{\"@type\":\"ListItem\",\"position\":3,\"name\":\"Botas Eclipse Umbra G2\"}]},{\"@type\":\"WebSite\",\"@id\":\"https:\\\/\\\/sport.azemad.com\\\/es\\\/#website\",\"url\":\"https:\\\/\\\/sport.azemad.com\\\/es\\\/\",\"name\":\"Azemad Sport\",\"description\":\"Artigos e Cat\u00e1logo para H\u00f3quei em Patins\",\"publisher\":{\"@id\":\"https:\\\/\\\/sport.azemad.com\\\/es\\\/#organization\"},\"potentialAction\":[{\"@type\":\"SearchAction\",\"target\":{\"@type\":\"EntryPoint\",\"urlTemplate\":\"https:\\\/\\\/sport.azemad.com\\\/es\\\/?s={search_term_string}\"},\"query-input\":{\"@type\":\"PropertyValueSpecification\",\"valueRequired\":true,\"valueName\":\"search_term_string\"}}],\"inLanguage\":\"es\"},{\"@type\":\"Organization\",\"@id\":\"https:\\\/\\\/sport.azemad.com\\\/es\\\/#organization\",\"name\":\"AZEMAD Sport\",\"alternateName\":\"Azemad Sport\",\"url\":\"https:\\\/\\\/sport.azemad.com\\\/es\\\/\",\"logo\":{\"@type\":\"ImageObject\",\"inLanguage\":\"es\",\"@id\":\"https:\\\/\\\/sport.azemad.com\\\/es\\\/#\\\/schema\\\/logo\\\/image\\\/\",\"url\":\"https:\\\/\\\/sport.azemad.com\\\/wp-content\\\/uploads\\\/2023\\\/10\\\/favicon.png\",\"contentUrl\":\"https:\\\/\\\/sport.azemad.com\\\/wp-content\\\/uploads\\\/2023\\\/10\\\/favicon.png\",\"width\":256,\"height\":256,\"caption\":\"AZEMAD Sport\"},\"image\":{\"@id\":\"https:\\\/\\\/sport.azemad.com\\\/es\\\/#\\\/schema\\\/logo\\\/image\\\/\"},\"sameAs\":[\"https:\\\/\\\/www.facebook.com\\\/azemadsport\",\"https:\\\/\\\/www.instagram.com\\\/azemad\\\/\",\"https:\\\/\\\/www.youtube.com\\\/c\\\/azemad\",\"https:\\\/\\\/www.linkedin.com\\\/company\\\/azemad\\\/\"]}]}<\/script>\n<!-- \/ Yoast SEO plugin. -->","yoast_head_json":{"title":"Botas Eclipse Umbra G2 - Azemad Sport","description":"Las botas AZEMAD Eclipse Umbra G2 son una nueva generaci\u00f3n de botas Azemad. Tienen un dise\u00f1o similar, pero con diferencias visibles. - Azemad Sport","robots":{"index":"index","follow":"follow","max-snippet":"max-snippet:-1","max-image-preview":"max-image-preview:large","max-video-preview":"max-video-preview:-1"},"canonical":"https:\/\/sport.azemad.com\/es\/producto\/botas-eclipse-umbra-g2\/","og_locale":"es_ES","og_type":"article","og_title":"Botas Eclipse Umbra G2 - Azemad Sport","og_description":"Las botas AZEMAD Eclipse Umbra G2 son una nueva generaci\u00f3n de botas Azemad. Tienen un dise\u00f1o similar, pero con diferencias visibles. - Azemad Sport","og_url":"https:\/\/sport.azemad.com\/es\/producto\/botas-eclipse-umbra-g2\/","og_site_name":"Azemad Sport","article_publisher":"https:\/\/www.facebook.com\/azemadsport","article_modified_time":"2026-04-02T09:07:47+00:00","og_image":[{"width":1080,"height":1080,"url":"https:\/\/sport.azemad.com\/wp-content\/uploads\/AZEMADSport_HBT03-K_A1_1080X1080.png","type":"image\/png"}],"twitter_card":"summary_large_image","twitter_misc":{"Tiempo de lectura":"1 minuto"},"schema":{"@context":"https:\/\/schema.org","@graph":[{"@type":"WebPage","@id":"https:\/\/sport.azemad.com\/es\/producto\/botas-eclipse-umbra-g2\/","url":"https:\/\/sport.azemad.com\/es\/producto\/botas-eclipse-umbra-g2\/","name":"Botas Eclipse Umbra G2 - Azemad Sport","isPartOf":{"@id":"https:\/\/sport.azemad.com\/es\/#website"},"primaryImageOfPage":{"@id":"https:\/\/sport.azemad.com\/es\/producto\/botas-eclipse-umbra-g2\/#primaryimage"},"image":{"@id":"https:\/\/sport.azemad.com\/es\/producto\/botas-eclipse-umbra-g2\/#primaryimage"},"thumbnailUrl":"https:\/\/sport.azemad.com\/wp-content\/uploads\/AZEMADSport_HBT03-K_A1_1080X1080.png","datePublished":"2025-11-10T18:42:39+00:00","dateModified":"2026-04-02T09:07:47+00:00","description":"Las botas AZEMAD Eclipse Umbra G2 son una nueva generaci\u00f3n de botas Azemad. Tienen un dise\u00f1o similar, pero con diferencias visibles. - Azemad Sport","breadcrumb":{"@id":"https:\/\/sport.azemad.com\/es\/producto\/botas-eclipse-umbra-g2\/#breadcrumb"},"inLanguage":"es","potentialAction":[{"@type":"ReadAction","target":["https:\/\/sport.azemad.com\/es\/producto\/botas-eclipse-umbra-g2\/"]}]},{"@type":"ImageObject","inLanguage":"es","@id":"https:\/\/sport.azemad.com\/es\/producto\/botas-eclipse-umbra-g2\/#primaryimage","url":"https:\/\/sport.azemad.com\/wp-content\/uploads\/AZEMADSport_HBT03-K_A1_1080X1080.png","contentUrl":"https:\/\/sport.azemad.com\/wp-content\/uploads\/AZEMADSport_HBT03-K_A1_1080X1080.png","width":1080,"height":1080},{"@type":"BreadcrumbList","@id":"https:\/\/sport.azemad.com\/es\/producto\/botas-eclipse-umbra-g2\/#breadcrumb","itemListElement":[{"@type":"ListItem","position":1,"name":"In\u00edcio","item":"https:\/\/sport.azemad.com\/es\/"},{"@type":"ListItem","position":2,"name":"Tienda","item":"https:\/\/sport.azemad.com\/es\/tienda\/"},{"@type":"ListItem","position":3,"name":"Botas Eclipse Umbra G2"}]},{"@type":"WebSite","@id":"https:\/\/sport.azemad.com\/es\/#website","url":"https:\/\/sport.azemad.com\/es\/","name":"Azemad Sport","description":"Artigos e Cat\u00e1logo para H\u00f3quei em Patins","publisher":{"@id":"https:\/\/sport.azemad.com\/es\/#organization"},"potentialAction":[{"@type":"SearchAction","target":{"@type":"EntryPoint","urlTemplate":"https:\/\/sport.azemad.com\/es\/?s={search_term_string}"},"query-input":{"@type":"PropertyValueSpecification","valueRequired":true,"valueName":"search_term_string"}}],"inLanguage":"es"},{"@type":"Organization","@id":"https:\/\/sport.azemad.com\/es\/#organization","name":"AZEMAD Sport","alternateName":"Azemad Sport","url":"https:\/\/sport.azemad.com\/es\/","logo":{"@type":"ImageObject","inLanguage":"es","@id":"https:\/\/sport.azemad.com\/es\/#\/schema\/logo\/image\/","url":"https:\/\/sport.azemad.com\/wp-content\/uploads\/2023\/10\/favicon.png","contentUrl":"https:\/\/sport.azemad.com\/wp-content\/uploads\/2023\/10\/favicon.png","width":256,"height":256,"caption":"AZEMAD Sport"},"image":{"@id":"https:\/\/sport.azemad.com\/es\/#\/schema\/logo\/image\/"},"sameAs":["https:\/\/www.facebook.com\/azemadsport","https:\/\/www.instagram.com\/azemad\/","https:\/\/www.youtube.com\/c\/azemad","https:\/\/www.linkedin.com\/company\/azemad\/"]}]}},"_links":{"self":[{"href":"https:\/\/sport.azemad.com\/es\/wp-json\/wp\/v2\/product\/170693","targetHints":{"allow":["GET"]}}],"collection":[{"href":"https:\/\/sport.azemad.com\/es\/wp-json\/wp\/v2\/product"}],"about":[{"href":"https:\/\/sport.azemad.com\/es\/wp-json\/wp\/v2\/types\/product"}],"wp:featuredmedia":[{"embeddable":true,"href":"https:\/\/sport.azemad.com\/es\/wp-json\/wp\/v2\/media\/177210"}],"wp:attachment":[{"href":"https:\/\/sport.azemad.com\/es\/wp-json\/wp\/v2\/media?parent=170693"}],"wp:term":[{"taxonomy":"product_brand","embeddable":true,"href":"https:\/\/sport.azemad.com\/es\/wp-json\/wp\/v2\/product_brand?post=170693"},{"taxonomy":"product_cat","embeddable":true,"href":"https:\/\/sport.azemad.com\/es\/wp-json\/wp\/v2\/product_cat?post=170693"},{"taxonomy":"product_tag","embeddable":true,"href":"https:\/\/sport.azemad.com\/es\/wp-json\/wp\/v2\/product_tag?post=170693"}],"curies":[{"name":"wp","href":"https:\/\/api.w.org\/{rel}","templated":true}]}}