{"id":171415,"date":"2025-11-24T15:08:31","date_gmt":"2025-11-24T15:08:31","guid":{"rendered":"https:\/\/sport.azemad.com\/produto\/rodilleras-eclipse\/"},"modified":"2026-04-02T10:20:51","modified_gmt":"2026-04-02T09:20:51","slug":"rodilleras-eclipse","status":"publish","type":"product","link":"https:\/\/sport.azemad.com\/es\/producto\/rodilleras-eclipse\/","title":{"rendered":"Rodilleras Eclipse"},"content":{"rendered":"<p>Las Rodilleras AZEMAD Eclipse proporcionan un gran confort y seguridad para tus rodillas. Dise\u00f1adas ergon\u00f3micamente para adaptarse a diferentes anatom\u00edas, su geometr\u00eda m\u00e1s ovalada pretende que la rodillera sea una prolongaci\u00f3n de la rodilla, d\u00e1ndole un tacto m\u00e1s natural, manteniendo todo<br \/>\nel confort y la protecci\u00f3n frontal y lateral. Con materiales cuidadosamente elegidos y refuerzos interiores, las rodilleras tienen una gran resistencia a los golpes y ofrecen una gran absorci\u00f3n de impactos, evitando as\u00ed lesiones indebidas y posibles problemas de rodilla a los deportistas. Con un tejido<br \/>\nexterior delicado, pero de gran durabilidad, aseguran que el contacto con el suelo sea natural y suave, permitiendo un correcto deslizamiento y evitando pinzamientos en las articulaciones.<\/p>\n","protected":false},"excerpt":{"rendered":"<p>Con una gran sensaci\u00f3n ergon\u00f3mica durante el patinaje, las rodilleras ofrecen una gran comodidad y absorci\u00f3n de impactos.<\/p>\n","protected":false},"featured_media":177581,"template":"","meta":{"_acf_changed":false},"product_brand":[],"product_cat":[6415],"product_tag":[],"class_list":{"0":"post-171415","1":"product","2":"type-product","3":"status-publish","4":"has-post-thumbnail","6":"product_cat-protecciones-protecciones-jugador-rodilleras-es-04kpd","7":"pa_colecao-eclipse_es","8":"pa_cor-azul_es","9":"pa_cor-negro_es","10":"pa_cor-rojo_es","11":"pa_gama-intermedio_es","12":"pa_gama-profesional_es","13":"pa_posicao-jugador_es","14":"pa_tamanho-l-es","15":"pa_tamanho-m-es","16":"pa_tamanho-s-es","17":"pa_tamanho-xl-es","19":"first","20":"instock","21":"taxable","22":"shipping-taxable","23":"purchasable","24":"product-type-variable"},"acf":[],"yoast_head":"<!-- This site is optimized with the Yoast SEO plugin v27.3 - https:\/\/yoast.com\/product\/yoast-seo-wordpress\/ -->\n<title>Rodilleras Eclipse - Azemad Sport<\/title>\n<meta name=\"description\" content=\"Con una gran sensaci\u00f3n ergon\u00f3mica durante el patinaje, las rodilleras ofrecen una gran comodidad y absorci\u00f3n de impactos. - Azemad Sport\" \/>\n<meta name=\"robots\" content=\"index, follow, max-snippet:-1, max-image-preview:large, max-video-preview:-1\" \/>\n<link rel=\"canonical\" href=\"https:\/\/sport.azemad.com\/es\/producto\/rodilleras-eclipse\/\" \/>\n<meta property=\"og:locale\" content=\"es_ES\" \/>\n<meta property=\"og:type\" content=\"article\" \/>\n<meta property=\"og:title\" content=\"Rodilleras Eclipse - Azemad Sport\" \/>\n<meta property=\"og:description\" content=\"Con una gran sensaci\u00f3n ergon\u00f3mica durante el patinaje, las rodilleras ofrecen una gran comodidad y absorci\u00f3n de impactos. - Azemad Sport\" \/>\n<meta property=\"og:url\" content=\"https:\/\/sport.azemad.com\/es\/producto\/rodilleras-eclipse\/\" \/>\n<meta property=\"og:site_name\" content=\"Azemad Sport\" \/>\n<meta property=\"article:publisher\" content=\"https:\/\/www.facebook.com\/azemadsport\" \/>\n<meta property=\"article:modified_time\" content=\"2026-04-02T09:20:51+00:00\" \/>\n<meta property=\"og:image\" content=\"https:\/\/sport.azemad.com\/wp-content\/uploads\/AZEMADSport_HJO01-R_A1_1080X1080.png\" \/>\n\t<meta property=\"og:image:width\" content=\"1080\" \/>\n\t<meta property=\"og:image:height\" content=\"1080\" \/>\n\t<meta property=\"og:image:type\" content=\"image\/png\" \/>\n<meta name=\"twitter:card\" content=\"summary_large_image\" \/>\n<meta name=\"twitter:label1\" content=\"Tiempo de lectura\" \/>\n\t<meta name=\"twitter:data1\" content=\"1 minuto\" \/>\n<script type=\"application\/ld+json\" class=\"yoast-schema-graph\">{\"@context\":\"https:\\\/\\\/schema.org\",\"@graph\":[{\"@type\":\"WebPage\",\"@id\":\"https:\\\/\\\/sport.azemad.com\\\/es\\\/producto\\\/rodilleras-eclipse\\\/\",\"url\":\"https:\\\/\\\/sport.azemad.com\\\/es\\\/producto\\\/rodilleras-eclipse\\\/\",\"name\":\"Rodilleras Eclipse - Azemad Sport\",\"isPartOf\":{\"@id\":\"https:\\\/\\\/sport.azemad.com\\\/es\\\/#website\"},\"primaryImageOfPage\":{\"@id\":\"https:\\\/\\\/sport.azemad.com\\\/es\\\/producto\\\/rodilleras-eclipse\\\/#primaryimage\"},\"image\":{\"@id\":\"https:\\\/\\\/sport.azemad.com\\\/es\\\/producto\\\/rodilleras-eclipse\\\/#primaryimage\"},\"thumbnailUrl\":\"https:\\\/\\\/sport.azemad.com\\\/wp-content\\\/uploads\\\/AZEMADSport_HJO01-R_A1_1080X1080.png\",\"datePublished\":\"2025-11-24T15:08:31+00:00\",\"dateModified\":\"2026-04-02T09:20:51+00:00\",\"description\":\"Con una gran sensaci\u00f3n ergon\u00f3mica durante el patinaje, las rodilleras ofrecen una gran comodidad y absorci\u00f3n de impactos. - Azemad Sport\",\"breadcrumb\":{\"@id\":\"https:\\\/\\\/sport.azemad.com\\\/es\\\/producto\\\/rodilleras-eclipse\\\/#breadcrumb\"},\"inLanguage\":\"es\",\"potentialAction\":[{\"@type\":\"ReadAction\",\"target\":[\"https:\\\/\\\/sport.azemad.com\\\/es\\\/producto\\\/rodilleras-eclipse\\\/\"]}]},{\"@type\":\"ImageObject\",\"inLanguage\":\"es\",\"@id\":\"https:\\\/\\\/sport.azemad.com\\\/es\\\/producto\\\/rodilleras-eclipse\\\/#primaryimage\",\"url\":\"https:\\\/\\\/sport.azemad.com\\\/wp-content\\\/uploads\\\/AZEMADSport_HJO01-R_A1_1080X1080.png\",\"contentUrl\":\"https:\\\/\\\/sport.azemad.com\\\/wp-content\\\/uploads\\\/AZEMADSport_HJO01-R_A1_1080X1080.png\",\"width\":1080,\"height\":1080},{\"@type\":\"BreadcrumbList\",\"@id\":\"https:\\\/\\\/sport.azemad.com\\\/es\\\/producto\\\/rodilleras-eclipse\\\/#breadcrumb\",\"itemListElement\":[{\"@type\":\"ListItem\",\"position\":1,\"name\":\"In\u00edcio\",\"item\":\"https:\\\/\\\/sport.azemad.com\\\/es\\\/\"},{\"@type\":\"ListItem\",\"position\":2,\"name\":\"Tienda\",\"item\":\"https:\\\/\\\/sport.azemad.com\\\/es\\\/tienda\\\/\"},{\"@type\":\"ListItem\",\"position\":3,\"name\":\"Rodilleras Eclipse\"}]},{\"@type\":\"WebSite\",\"@id\":\"https:\\\/\\\/sport.azemad.com\\\/es\\\/#website\",\"url\":\"https:\\\/\\\/sport.azemad.com\\\/es\\\/\",\"name\":\"Azemad Sport\",\"description\":\"Artigos e Cat\u00e1logo para H\u00f3quei em Patins\",\"publisher\":{\"@id\":\"https:\\\/\\\/sport.azemad.com\\\/es\\\/#organization\"},\"potentialAction\":[{\"@type\":\"SearchAction\",\"target\":{\"@type\":\"EntryPoint\",\"urlTemplate\":\"https:\\\/\\\/sport.azemad.com\\\/es\\\/?s={search_term_string}\"},\"query-input\":{\"@type\":\"PropertyValueSpecification\",\"valueRequired\":true,\"valueName\":\"search_term_string\"}}],\"inLanguage\":\"es\"},{\"@type\":\"Organization\",\"@id\":\"https:\\\/\\\/sport.azemad.com\\\/es\\\/#organization\",\"name\":\"AZEMAD Sport\",\"alternateName\":\"Azemad Sport\",\"url\":\"https:\\\/\\\/sport.azemad.com\\\/es\\\/\",\"logo\":{\"@type\":\"ImageObject\",\"inLanguage\":\"es\",\"@id\":\"https:\\\/\\\/sport.azemad.com\\\/es\\\/#\\\/schema\\\/logo\\\/image\\\/\",\"url\":\"https:\\\/\\\/sport.azemad.com\\\/wp-content\\\/uploads\\\/2023\\\/10\\\/favicon.png\",\"contentUrl\":\"https:\\\/\\\/sport.azemad.com\\\/wp-content\\\/uploads\\\/2023\\\/10\\\/favicon.png\",\"width\":256,\"height\":256,\"caption\":\"AZEMAD Sport\"},\"image\":{\"@id\":\"https:\\\/\\\/sport.azemad.com\\\/es\\\/#\\\/schema\\\/logo\\\/image\\\/\"},\"sameAs\":[\"https:\\\/\\\/www.facebook.com\\\/azemadsport\",\"https:\\\/\\\/www.instagram.com\\\/azemad\\\/\",\"https:\\\/\\\/www.youtube.com\\\/c\\\/azemad\",\"https:\\\/\\\/www.linkedin.com\\\/company\\\/azemad\\\/\"]}]}<\/script>\n<!-- \/ Yoast SEO plugin. -->","yoast_head_json":{"title":"Rodilleras Eclipse - Azemad Sport","description":"Con una gran sensaci\u00f3n ergon\u00f3mica durante el patinaje, las rodilleras ofrecen una gran comodidad y absorci\u00f3n de impactos. - Azemad Sport","robots":{"index":"index","follow":"follow","max-snippet":"max-snippet:-1","max-image-preview":"max-image-preview:large","max-video-preview":"max-video-preview:-1"},"canonical":"https:\/\/sport.azemad.com\/es\/producto\/rodilleras-eclipse\/","og_locale":"es_ES","og_type":"article","og_title":"Rodilleras Eclipse - Azemad Sport","og_description":"Con una gran sensaci\u00f3n ergon\u00f3mica durante el patinaje, las rodilleras ofrecen una gran comodidad y absorci\u00f3n de impactos. - Azemad Sport","og_url":"https:\/\/sport.azemad.com\/es\/producto\/rodilleras-eclipse\/","og_site_name":"Azemad Sport","article_publisher":"https:\/\/www.facebook.com\/azemadsport","article_modified_time":"2026-04-02T09:20:51+00:00","og_image":[{"width":1080,"height":1080,"url":"https:\/\/sport.azemad.com\/wp-content\/uploads\/AZEMADSport_HJO01-R_A1_1080X1080.png","type":"image\/png"}],"twitter_card":"summary_large_image","twitter_misc":{"Tiempo de lectura":"1 minuto"},"schema":{"@context":"https:\/\/schema.org","@graph":[{"@type":"WebPage","@id":"https:\/\/sport.azemad.com\/es\/producto\/rodilleras-eclipse\/","url":"https:\/\/sport.azemad.com\/es\/producto\/rodilleras-eclipse\/","name":"Rodilleras Eclipse - Azemad Sport","isPartOf":{"@id":"https:\/\/sport.azemad.com\/es\/#website"},"primaryImageOfPage":{"@id":"https:\/\/sport.azemad.com\/es\/producto\/rodilleras-eclipse\/#primaryimage"},"image":{"@id":"https:\/\/sport.azemad.com\/es\/producto\/rodilleras-eclipse\/#primaryimage"},"thumbnailUrl":"https:\/\/sport.azemad.com\/wp-content\/uploads\/AZEMADSport_HJO01-R_A1_1080X1080.png","datePublished":"2025-11-24T15:08:31+00:00","dateModified":"2026-04-02T09:20:51+00:00","description":"Con una gran sensaci\u00f3n ergon\u00f3mica durante el patinaje, las rodilleras ofrecen una gran comodidad y absorci\u00f3n de impactos. - Azemad Sport","breadcrumb":{"@id":"https:\/\/sport.azemad.com\/es\/producto\/rodilleras-eclipse\/#breadcrumb"},"inLanguage":"es","potentialAction":[{"@type":"ReadAction","target":["https:\/\/sport.azemad.com\/es\/producto\/rodilleras-eclipse\/"]}]},{"@type":"ImageObject","inLanguage":"es","@id":"https:\/\/sport.azemad.com\/es\/producto\/rodilleras-eclipse\/#primaryimage","url":"https:\/\/sport.azemad.com\/wp-content\/uploads\/AZEMADSport_HJO01-R_A1_1080X1080.png","contentUrl":"https:\/\/sport.azemad.com\/wp-content\/uploads\/AZEMADSport_HJO01-R_A1_1080X1080.png","width":1080,"height":1080},{"@type":"BreadcrumbList","@id":"https:\/\/sport.azemad.com\/es\/producto\/rodilleras-eclipse\/#breadcrumb","itemListElement":[{"@type":"ListItem","position":1,"name":"In\u00edcio","item":"https:\/\/sport.azemad.com\/es\/"},{"@type":"ListItem","position":2,"name":"Tienda","item":"https:\/\/sport.azemad.com\/es\/tienda\/"},{"@type":"ListItem","position":3,"name":"Rodilleras Eclipse"}]},{"@type":"WebSite","@id":"https:\/\/sport.azemad.com\/es\/#website","url":"https:\/\/sport.azemad.com\/es\/","name":"Azemad Sport","description":"Artigos e Cat\u00e1logo para H\u00f3quei em Patins","publisher":{"@id":"https:\/\/sport.azemad.com\/es\/#organization"},"potentialAction":[{"@type":"SearchAction","target":{"@type":"EntryPoint","urlTemplate":"https:\/\/sport.azemad.com\/es\/?s={search_term_string}"},"query-input":{"@type":"PropertyValueSpecification","valueRequired":true,"valueName":"search_term_string"}}],"inLanguage":"es"},{"@type":"Organization","@id":"https:\/\/sport.azemad.com\/es\/#organization","name":"AZEMAD Sport","alternateName":"Azemad Sport","url":"https:\/\/sport.azemad.com\/es\/","logo":{"@type":"ImageObject","inLanguage":"es","@id":"https:\/\/sport.azemad.com\/es\/#\/schema\/logo\/image\/","url":"https:\/\/sport.azemad.com\/wp-content\/uploads\/2023\/10\/favicon.png","contentUrl":"https:\/\/sport.azemad.com\/wp-content\/uploads\/2023\/10\/favicon.png","width":256,"height":256,"caption":"AZEMAD Sport"},"image":{"@id":"https:\/\/sport.azemad.com\/es\/#\/schema\/logo\/image\/"},"sameAs":["https:\/\/www.facebook.com\/azemadsport","https:\/\/www.instagram.com\/azemad\/","https:\/\/www.youtube.com\/c\/azemad","https:\/\/www.linkedin.com\/company\/azemad\/"]}]}},"_links":{"self":[{"href":"https:\/\/sport.azemad.com\/es\/wp-json\/wp\/v2\/product\/171415","targetHints":{"allow":["GET"]}}],"collection":[{"href":"https:\/\/sport.azemad.com\/es\/wp-json\/wp\/v2\/product"}],"about":[{"href":"https:\/\/sport.azemad.com\/es\/wp-json\/wp\/v2\/types\/product"}],"wp:featuredmedia":[{"embeddable":true,"href":"https:\/\/sport.azemad.com\/es\/wp-json\/wp\/v2\/media\/177581"}],"wp:attachment":[{"href":"https:\/\/sport.azemad.com\/es\/wp-json\/wp\/v2\/media?parent=171415"}],"wp:term":[{"taxonomy":"product_brand","embeddable":true,"href":"https:\/\/sport.azemad.com\/es\/wp-json\/wp\/v2\/product_brand?post=171415"},{"taxonomy":"product_cat","embeddable":true,"href":"https:\/\/sport.azemad.com\/es\/wp-json\/wp\/v2\/product_cat?post=171415"},{"taxonomy":"product_tag","embeddable":true,"href":"https:\/\/sport.azemad.com\/es\/wp-json\/wp\/v2\/product_tag?post=171415"}],"curies":[{"name":"wp","href":"https:\/\/api.w.org\/{rel}","templated":true}]}}