{"id":72372,"date":"2024-05-15T14:56:16","date_gmt":"2024-05-15T13:56:16","guid":{"rendered":"https:\/\/azemad.assemble.website\/?post_type=product&#038;p=72372"},"modified":"2026-04-15T04:21:42","modified_gmt":"2026-04-15T03:21:42","slug":"mini-guantes-de-hockey-eclipse","status":"publish","type":"product","link":"https:\/\/sport.azemad.com\/es\/producto\/mini-guantes-de-hockey-eclipse\/","title":{"rendered":"Mini Guantes De Hockey Eclipse"},"content":{"rendered":"<p>Los guantes de hockey AZEMAD Eclipse Mini son una adaptaci\u00f3n de los modelos profesionales para un segmento de jugadores m\u00e1s j\u00f3venes. Dise\u00f1ados pensando en los m\u00e1s peque\u00f1os, estos guantes pretenden incluir las caracter\u00edsticas clave del modelo Eclipse, adaptadas a los niveles de entrenamiento y necesidades de desarrollo, ofreciendo a los m\u00e1s j\u00f3venes todas las condiciones para aprender con comodidad y seguridad. Con un dise\u00f1o ergon\u00f3mico, costuras cuidadosamente colocadas y refuerzos en las zonas de contacto, la protecci\u00f3n del guante est\u00e1 dise\u00f1ada para garantizar una total movilidad y seguridad desde el primer uso.<\/p>\n","protected":false},"excerpt":{"rendered":"<p>Una versi\u00f3n para j\u00f3venes que mantiene la calidad del dise\u00f1o profesional de la gama Eclipse, al tiempo que lo adapta a las caracter\u00edsticas de aprendizaje.<\/p>\n","protected":false},"featured_media":178579,"template":"","meta":{"_acf_changed":false},"product_brand":[],"product_cat":[6418],"product_tag":[],"class_list":{"0":"post-72372","1":"product","2":"type-product","3":"status-publish","4":"has-post-thumbnail","6":"product_cat-protecciones-protecciones-jugador-guantes-es-04glv","7":"pa_colecao-eclipse_es","8":"pa_cor-azul_es","9":"pa_cor-negro_es","10":"pa_cor-rojo_es","11":"pa_gama-mini-hockey_es","12":"pa_posicao-jugador_es","13":"pa_tamanho-2xs_es","14":"pa_tamanho-xs_es","16":"first","17":"instock","18":"taxable","19":"shipping-taxable","20":"purchasable","21":"product-type-variable"},"acf":[],"yoast_head":"<!-- This site is optimized with the Yoast SEO plugin v27.4 - https:\/\/yoast.com\/product\/yoast-seo-wordpress\/ -->\n<title>Mini Guantes De Hockey Eclipse - Azemad Sport<\/title>\n<meta name=\"description\" content=\"Una versi\u00f3n para j\u00f3venes que mantiene la calidad del dise\u00f1o profesional de la gama Eclipse, al tiempo que lo adapta a las caracter\u00edsticas de aprendizaje. - Azemad Sport\" \/>\n<meta name=\"robots\" content=\"index, follow, max-snippet:-1, max-image-preview:large, max-video-preview:-1\" \/>\n<link rel=\"canonical\" href=\"https:\/\/sport.azemad.com\/es\/producto\/mini-guantes-de-hockey-eclipse\/\" \/>\n<meta property=\"og:locale\" content=\"es_ES\" \/>\n<meta property=\"og:type\" content=\"article\" \/>\n<meta property=\"og:title\" content=\"Mini Guantes De Hockey Eclipse - Azemad Sport\" \/>\n<meta property=\"og:description\" content=\"Una versi\u00f3n para j\u00f3venes que mantiene la calidad del dise\u00f1o profesional de la gama Eclipse, al tiempo que lo adapta a las caracter\u00edsticas de aprendizaje. - Azemad Sport\" \/>\n<meta property=\"og:url\" content=\"https:\/\/sport.azemad.com\/es\/producto\/mini-guantes-de-hockey-eclipse\/\" \/>\n<meta property=\"og:site_name\" content=\"Azemad Sport\" \/>\n<meta property=\"article:publisher\" content=\"https:\/\/www.facebook.com\/azemadsport\" \/>\n<meta property=\"article:modified_time\" content=\"2026-04-15T03:21:42+00:00\" \/>\n<meta property=\"og:image\" content=\"https:\/\/sport.azemad.com\/wp-content\/uploads\/AZEMADSport_HLU02-K_A1_1080X1080.png\" \/>\n\t<meta property=\"og:image:width\" content=\"1080\" \/>\n\t<meta property=\"og:image:height\" content=\"1080\" \/>\n\t<meta property=\"og:image:type\" content=\"image\/png\" \/>\n<meta name=\"twitter:card\" content=\"summary_large_image\" \/>\n<meta name=\"twitter:label1\" content=\"Tiempo de lectura\" \/>\n\t<meta name=\"twitter:data1\" content=\"1 minuto\" \/>\n<script type=\"application\/ld+json\" class=\"yoast-schema-graph\">{\"@context\":\"https:\\\/\\\/schema.org\",\"@graph\":[{\"@type\":\"WebPage\",\"@id\":\"https:\\\/\\\/sport.azemad.com\\\/es\\\/producto\\\/mini-guantes-de-hockey-eclipse\\\/\",\"url\":\"https:\\\/\\\/sport.azemad.com\\\/es\\\/producto\\\/mini-guantes-de-hockey-eclipse\\\/\",\"name\":\"Mini Guantes De Hockey Eclipse - Azemad Sport\",\"isPartOf\":{\"@id\":\"https:\\\/\\\/sport.azemad.com\\\/es\\\/#website\"},\"primaryImageOfPage\":{\"@id\":\"https:\\\/\\\/sport.azemad.com\\\/es\\\/producto\\\/mini-guantes-de-hockey-eclipse\\\/#primaryimage\"},\"image\":{\"@id\":\"https:\\\/\\\/sport.azemad.com\\\/es\\\/producto\\\/mini-guantes-de-hockey-eclipse\\\/#primaryimage\"},\"thumbnailUrl\":\"https:\\\/\\\/sport.azemad.com\\\/wp-content\\\/uploads\\\/AZEMADSport_HLU02-K_A1_1080X1080.png\",\"datePublished\":\"2024-05-15T13:56:16+00:00\",\"dateModified\":\"2026-04-15T03:21:42+00:00\",\"description\":\"Una versi\u00f3n para j\u00f3venes que mantiene la calidad del dise\u00f1o profesional de la gama Eclipse, al tiempo que lo adapta a las caracter\u00edsticas de aprendizaje. - Azemad Sport\",\"breadcrumb\":{\"@id\":\"https:\\\/\\\/sport.azemad.com\\\/es\\\/producto\\\/mini-guantes-de-hockey-eclipse\\\/#breadcrumb\"},\"inLanguage\":\"es\",\"potentialAction\":[{\"@type\":\"ReadAction\",\"target\":[\"https:\\\/\\\/sport.azemad.com\\\/es\\\/producto\\\/mini-guantes-de-hockey-eclipse\\\/\"]}]},{\"@type\":\"ImageObject\",\"inLanguage\":\"es\",\"@id\":\"https:\\\/\\\/sport.azemad.com\\\/es\\\/producto\\\/mini-guantes-de-hockey-eclipse\\\/#primaryimage\",\"url\":\"https:\\\/\\\/sport.azemad.com\\\/wp-content\\\/uploads\\\/AZEMADSport_HLU02-K_A1_1080X1080.png\",\"contentUrl\":\"https:\\\/\\\/sport.azemad.com\\\/wp-content\\\/uploads\\\/AZEMADSport_HLU02-K_A1_1080X1080.png\",\"width\":1080,\"height\":1080},{\"@type\":\"BreadcrumbList\",\"@id\":\"https:\\\/\\\/sport.azemad.com\\\/es\\\/producto\\\/mini-guantes-de-hockey-eclipse\\\/#breadcrumb\",\"itemListElement\":[{\"@type\":\"ListItem\",\"position\":1,\"name\":\"In\u00edcio\",\"item\":\"https:\\\/\\\/sport.azemad.com\\\/es\\\/\"},{\"@type\":\"ListItem\",\"position\":2,\"name\":\"Tienda\",\"item\":\"https:\\\/\\\/sport.azemad.com\\\/es\\\/tienda\\\/\"},{\"@type\":\"ListItem\",\"position\":3,\"name\":\"Mini Guantes De Hockey Eclipse\"}]},{\"@type\":\"WebSite\",\"@id\":\"https:\\\/\\\/sport.azemad.com\\\/es\\\/#website\",\"url\":\"https:\\\/\\\/sport.azemad.com\\\/es\\\/\",\"name\":\"Azemad Sport\",\"description\":\"Artigos e Cat\u00e1logo para H\u00f3quei em Patins\",\"publisher\":{\"@id\":\"https:\\\/\\\/sport.azemad.com\\\/es\\\/#organization\"},\"potentialAction\":[{\"@type\":\"SearchAction\",\"target\":{\"@type\":\"EntryPoint\",\"urlTemplate\":\"https:\\\/\\\/sport.azemad.com\\\/es\\\/?s={search_term_string}\"},\"query-input\":{\"@type\":\"PropertyValueSpecification\",\"valueRequired\":true,\"valueName\":\"search_term_string\"}}],\"inLanguage\":\"es\"},{\"@type\":\"Organization\",\"@id\":\"https:\\\/\\\/sport.azemad.com\\\/es\\\/#organization\",\"name\":\"AZEMAD Sport\",\"alternateName\":\"Azemad Sport\",\"url\":\"https:\\\/\\\/sport.azemad.com\\\/es\\\/\",\"logo\":{\"@type\":\"ImageObject\",\"inLanguage\":\"es\",\"@id\":\"https:\\\/\\\/sport.azemad.com\\\/es\\\/#\\\/schema\\\/logo\\\/image\\\/\",\"url\":\"https:\\\/\\\/sport.azemad.com\\\/wp-content\\\/uploads\\\/2023\\\/10\\\/favicon.png\",\"contentUrl\":\"https:\\\/\\\/sport.azemad.com\\\/wp-content\\\/uploads\\\/2023\\\/10\\\/favicon.png\",\"width\":256,\"height\":256,\"caption\":\"AZEMAD Sport\"},\"image\":{\"@id\":\"https:\\\/\\\/sport.azemad.com\\\/es\\\/#\\\/schema\\\/logo\\\/image\\\/\"},\"sameAs\":[\"https:\\\/\\\/www.facebook.com\\\/azemadsport\",\"https:\\\/\\\/www.instagram.com\\\/azemad\\\/\",\"https:\\\/\\\/www.youtube.com\\\/c\\\/azemad\",\"https:\\\/\\\/www.linkedin.com\\\/company\\\/azemad\\\/\"]}]}<\/script>\n<!-- \/ Yoast SEO plugin. -->","yoast_head_json":{"title":"Mini Guantes De Hockey Eclipse - Azemad Sport","description":"Una versi\u00f3n para j\u00f3venes que mantiene la calidad del dise\u00f1o profesional de la gama Eclipse, al tiempo que lo adapta a las caracter\u00edsticas de aprendizaje. - Azemad Sport","robots":{"index":"index","follow":"follow","max-snippet":"max-snippet:-1","max-image-preview":"max-image-preview:large","max-video-preview":"max-video-preview:-1"},"canonical":"https:\/\/sport.azemad.com\/es\/producto\/mini-guantes-de-hockey-eclipse\/","og_locale":"es_ES","og_type":"article","og_title":"Mini Guantes De Hockey Eclipse - Azemad Sport","og_description":"Una versi\u00f3n para j\u00f3venes que mantiene la calidad del dise\u00f1o profesional de la gama Eclipse, al tiempo que lo adapta a las caracter\u00edsticas de aprendizaje. - Azemad Sport","og_url":"https:\/\/sport.azemad.com\/es\/producto\/mini-guantes-de-hockey-eclipse\/","og_site_name":"Azemad Sport","article_publisher":"https:\/\/www.facebook.com\/azemadsport","article_modified_time":"2026-04-15T03:21:42+00:00","og_image":[{"width":1080,"height":1080,"url":"https:\/\/sport.azemad.com\/wp-content\/uploads\/AZEMADSport_HLU02-K_A1_1080X1080.png","type":"image\/png"}],"twitter_card":"summary_large_image","twitter_misc":{"Tiempo de lectura":"1 minuto"},"schema":{"@context":"https:\/\/schema.org","@graph":[{"@type":"WebPage","@id":"https:\/\/sport.azemad.com\/es\/producto\/mini-guantes-de-hockey-eclipse\/","url":"https:\/\/sport.azemad.com\/es\/producto\/mini-guantes-de-hockey-eclipse\/","name":"Mini Guantes De Hockey Eclipse - Azemad Sport","isPartOf":{"@id":"https:\/\/sport.azemad.com\/es\/#website"},"primaryImageOfPage":{"@id":"https:\/\/sport.azemad.com\/es\/producto\/mini-guantes-de-hockey-eclipse\/#primaryimage"},"image":{"@id":"https:\/\/sport.azemad.com\/es\/producto\/mini-guantes-de-hockey-eclipse\/#primaryimage"},"thumbnailUrl":"https:\/\/sport.azemad.com\/wp-content\/uploads\/AZEMADSport_HLU02-K_A1_1080X1080.png","datePublished":"2024-05-15T13:56:16+00:00","dateModified":"2026-04-15T03:21:42+00:00","description":"Una versi\u00f3n para j\u00f3venes que mantiene la calidad del dise\u00f1o profesional de la gama Eclipse, al tiempo que lo adapta a las caracter\u00edsticas de aprendizaje. - Azemad Sport","breadcrumb":{"@id":"https:\/\/sport.azemad.com\/es\/producto\/mini-guantes-de-hockey-eclipse\/#breadcrumb"},"inLanguage":"es","potentialAction":[{"@type":"ReadAction","target":["https:\/\/sport.azemad.com\/es\/producto\/mini-guantes-de-hockey-eclipse\/"]}]},{"@type":"ImageObject","inLanguage":"es","@id":"https:\/\/sport.azemad.com\/es\/producto\/mini-guantes-de-hockey-eclipse\/#primaryimage","url":"https:\/\/sport.azemad.com\/wp-content\/uploads\/AZEMADSport_HLU02-K_A1_1080X1080.png","contentUrl":"https:\/\/sport.azemad.com\/wp-content\/uploads\/AZEMADSport_HLU02-K_A1_1080X1080.png","width":1080,"height":1080},{"@type":"BreadcrumbList","@id":"https:\/\/sport.azemad.com\/es\/producto\/mini-guantes-de-hockey-eclipse\/#breadcrumb","itemListElement":[{"@type":"ListItem","position":1,"name":"In\u00edcio","item":"https:\/\/sport.azemad.com\/es\/"},{"@type":"ListItem","position":2,"name":"Tienda","item":"https:\/\/sport.azemad.com\/es\/tienda\/"},{"@type":"ListItem","position":3,"name":"Mini Guantes De Hockey Eclipse"}]},{"@type":"WebSite","@id":"https:\/\/sport.azemad.com\/es\/#website","url":"https:\/\/sport.azemad.com\/es\/","name":"Azemad Sport","description":"Artigos e Cat\u00e1logo para H\u00f3quei em Patins","publisher":{"@id":"https:\/\/sport.azemad.com\/es\/#organization"},"potentialAction":[{"@type":"SearchAction","target":{"@type":"EntryPoint","urlTemplate":"https:\/\/sport.azemad.com\/es\/?s={search_term_string}"},"query-input":{"@type":"PropertyValueSpecification","valueRequired":true,"valueName":"search_term_string"}}],"inLanguage":"es"},{"@type":"Organization","@id":"https:\/\/sport.azemad.com\/es\/#organization","name":"AZEMAD Sport","alternateName":"Azemad Sport","url":"https:\/\/sport.azemad.com\/es\/","logo":{"@type":"ImageObject","inLanguage":"es","@id":"https:\/\/sport.azemad.com\/es\/#\/schema\/logo\/image\/","url":"https:\/\/sport.azemad.com\/wp-content\/uploads\/2023\/10\/favicon.png","contentUrl":"https:\/\/sport.azemad.com\/wp-content\/uploads\/2023\/10\/favicon.png","width":256,"height":256,"caption":"AZEMAD Sport"},"image":{"@id":"https:\/\/sport.azemad.com\/es\/#\/schema\/logo\/image\/"},"sameAs":["https:\/\/www.facebook.com\/azemadsport","https:\/\/www.instagram.com\/azemad\/","https:\/\/www.youtube.com\/c\/azemad","https:\/\/www.linkedin.com\/company\/azemad\/"]}]}},"_links":{"self":[{"href":"https:\/\/sport.azemad.com\/es\/wp-json\/wp\/v2\/product\/72372","targetHints":{"allow":["GET"]}}],"collection":[{"href":"https:\/\/sport.azemad.com\/es\/wp-json\/wp\/v2\/product"}],"about":[{"href":"https:\/\/sport.azemad.com\/es\/wp-json\/wp\/v2\/types\/product"}],"wp:featuredmedia":[{"embeddable":true,"href":"https:\/\/sport.azemad.com\/es\/wp-json\/wp\/v2\/media\/178579"}],"wp:attachment":[{"href":"https:\/\/sport.azemad.com\/es\/wp-json\/wp\/v2\/media?parent=72372"}],"wp:term":[{"taxonomy":"product_brand","embeddable":true,"href":"https:\/\/sport.azemad.com\/es\/wp-json\/wp\/v2\/product_brand?post=72372"},{"taxonomy":"product_cat","embeddable":true,"href":"https:\/\/sport.azemad.com\/es\/wp-json\/wp\/v2\/product_cat?post=72372"},{"taxonomy":"product_tag","embeddable":true,"href":"https:\/\/sport.azemad.com\/es\/wp-json\/wp\/v2\/product_tag?post=72372"}],"curies":[{"name":"wp","href":"https:\/\/api.w.org\/{rel}","templated":true}]}}