{"id":72425,"date":"2024-05-15T14:58:45","date_gmt":"2024-05-15T13:58:45","guid":{"rendered":"https:\/\/azemad.assemble.website\/produto\/stick-azemad-keeper-short-10\/"},"modified":"2026-04-02T10:01:28","modified_gmt":"2026-04-02T09:01:28","slug":"stick-azemad-keeper-short-10","status":"publish","type":"product","link":"https:\/\/sport.azemad.com\/es\/producto\/stick-azemad-keeper-short-10\/","title":{"rendered":"Keeper Short -10"},"content":{"rendered":"<p>El modelo Keeper Short es la versi\u00f3n &#8216;Rookie&#8217; para j\u00f3venes porteros de Hockey sobre Patines. Inspirado en el modelo original Keeper, que marc\u00f3 el lanzamiento de los sticks de portero de AZEMAD, este stick es 10 cm m\u00e1s corto que los modelos profesionales, con un total de 92 cm de longitud.<br \/>\nEs un stick ultraligero de fibra compuesta al 100%, con un mango delgado que promueve una mayor agilidad y destreza entre los postes, ideal para que los j\u00f3venes porteros desarrollen habilidades en el manejo del stick. La pala mantiene la geometr\u00eda y curvatura tradicionales, ayudando en el desarrollo de conceptos b\u00e1sicos y la posici\u00f3n correcta del stick<br \/>\nen la porter\u00eda.<\/p>\n","protected":false},"excerpt":{"rendered":"<p>Para los j\u00f3venes jugadores comprometidos en mejorar. Ligereza y resistencia con un tama\u00f1o adecuado para los m\u00e1s j\u00f3venes.<\/p>\n","protected":false},"featured_media":177302,"template":"","meta":{"_acf_changed":false},"product_brand":[],"product_cat":[6417],"product_tag":[],"class_list":{"0":"post-72425","1":"product","2":"type-product","3":"status-publish","4":"has-post-thumbnail","6":"product_cat-stick-stick-mango-keeper-es-04kep","7":"pa_gama-mini-hockey_es","8":"pa_posicao-portero_es","10":"first","11":"instock","12":"taxable","13":"shipping-taxable","14":"purchasable","15":"product-type-simple"},"acf":[],"yoast_head":"<!-- This site is optimized with the Yoast SEO plugin v27.3 - https:\/\/yoast.com\/product\/yoast-seo-wordpress\/ -->\n<title>Keeper Short -10 - Azemad Sport<\/title>\n<meta name=\"description\" content=\"Para los j\u00f3venes jugadores comprometidos en mejorar. Ligereza y resistencia con un tama\u00f1o adecuado para los m\u00e1s j\u00f3venes. - Azemad Sport\" \/>\n<meta name=\"robots\" content=\"index, follow, max-snippet:-1, max-image-preview:large, max-video-preview:-1\" \/>\n<link rel=\"canonical\" href=\"https:\/\/sport.azemad.com\/es\/producto\/stick-azemad-keeper-short-10\/\" \/>\n<meta property=\"og:locale\" content=\"es_ES\" \/>\n<meta property=\"og:type\" content=\"article\" \/>\n<meta property=\"og:title\" content=\"Keeper Short -10 - Azemad Sport\" \/>\n<meta property=\"og:description\" content=\"Para los j\u00f3venes jugadores comprometidos en mejorar. Ligereza y resistencia con un tama\u00f1o adecuado para los m\u00e1s j\u00f3venes. - Azemad Sport\" \/>\n<meta property=\"og:url\" content=\"https:\/\/sport.azemad.com\/es\/producto\/stick-azemad-keeper-short-10\/\" \/>\n<meta property=\"og:site_name\" content=\"Azemad Sport\" \/>\n<meta property=\"article:publisher\" content=\"https:\/\/www.facebook.com\/azemadsport\" \/>\n<meta property=\"article:modified_time\" content=\"2026-04-02T09:01:28+00:00\" \/>\n<meta property=\"og:image\" content=\"https:\/\/sport.azemad.com\/wp-content\/uploads\/AZEMADSport_GR0622_A1_1080X1080.png\" \/>\n\t<meta property=\"og:image:width\" content=\"1080\" \/>\n\t<meta property=\"og:image:height\" content=\"1080\" \/>\n\t<meta property=\"og:image:type\" content=\"image\/png\" \/>\n<meta name=\"twitter:card\" content=\"summary_large_image\" \/>\n<meta name=\"twitter:label1\" content=\"Tiempo de lectura\" \/>\n\t<meta name=\"twitter:data1\" content=\"1 minuto\" \/>\n<script type=\"application\/ld+json\" class=\"yoast-schema-graph\">{\"@context\":\"https:\\\/\\\/schema.org\",\"@graph\":[{\"@type\":\"WebPage\",\"@id\":\"https:\\\/\\\/sport.azemad.com\\\/es\\\/producto\\\/stick-azemad-keeper-short-10\\\/\",\"url\":\"https:\\\/\\\/sport.azemad.com\\\/es\\\/producto\\\/stick-azemad-keeper-short-10\\\/\",\"name\":\"Keeper Short -10 - Azemad Sport\",\"isPartOf\":{\"@id\":\"https:\\\/\\\/sport.azemad.com\\\/es\\\/#website\"},\"primaryImageOfPage\":{\"@id\":\"https:\\\/\\\/sport.azemad.com\\\/es\\\/producto\\\/stick-azemad-keeper-short-10\\\/#primaryimage\"},\"image\":{\"@id\":\"https:\\\/\\\/sport.azemad.com\\\/es\\\/producto\\\/stick-azemad-keeper-short-10\\\/#primaryimage\"},\"thumbnailUrl\":\"https:\\\/\\\/sport.azemad.com\\\/wp-content\\\/uploads\\\/AZEMADSport_GR0622_A1_1080X1080.png\",\"datePublished\":\"2024-05-15T13:58:45+00:00\",\"dateModified\":\"2026-04-02T09:01:28+00:00\",\"description\":\"Para los j\u00f3venes jugadores comprometidos en mejorar. Ligereza y resistencia con un tama\u00f1o adecuado para los m\u00e1s j\u00f3venes. - Azemad Sport\",\"breadcrumb\":{\"@id\":\"https:\\\/\\\/sport.azemad.com\\\/es\\\/producto\\\/stick-azemad-keeper-short-10\\\/#breadcrumb\"},\"inLanguage\":\"es\",\"potentialAction\":[{\"@type\":\"ReadAction\",\"target\":[\"https:\\\/\\\/sport.azemad.com\\\/es\\\/producto\\\/stick-azemad-keeper-short-10\\\/\"]}]},{\"@type\":\"ImageObject\",\"inLanguage\":\"es\",\"@id\":\"https:\\\/\\\/sport.azemad.com\\\/es\\\/producto\\\/stick-azemad-keeper-short-10\\\/#primaryimage\",\"url\":\"https:\\\/\\\/sport.azemad.com\\\/wp-content\\\/uploads\\\/AZEMADSport_GR0622_A1_1080X1080.png\",\"contentUrl\":\"https:\\\/\\\/sport.azemad.com\\\/wp-content\\\/uploads\\\/AZEMADSport_GR0622_A1_1080X1080.png\",\"width\":1080,\"height\":1080},{\"@type\":\"BreadcrumbList\",\"@id\":\"https:\\\/\\\/sport.azemad.com\\\/es\\\/producto\\\/stick-azemad-keeper-short-10\\\/#breadcrumb\",\"itemListElement\":[{\"@type\":\"ListItem\",\"position\":1,\"name\":\"In\u00edcio\",\"item\":\"https:\\\/\\\/sport.azemad.com\\\/es\\\/\"},{\"@type\":\"ListItem\",\"position\":2,\"name\":\"Tienda\",\"item\":\"https:\\\/\\\/sport.azemad.com\\\/es\\\/tienda\\\/\"},{\"@type\":\"ListItem\",\"position\":3,\"name\":\"Keeper Short -10\"}]},{\"@type\":\"WebSite\",\"@id\":\"https:\\\/\\\/sport.azemad.com\\\/es\\\/#website\",\"url\":\"https:\\\/\\\/sport.azemad.com\\\/es\\\/\",\"name\":\"Azemad Sport\",\"description\":\"Artigos e Cat\u00e1logo para H\u00f3quei em Patins\",\"publisher\":{\"@id\":\"https:\\\/\\\/sport.azemad.com\\\/es\\\/#organization\"},\"potentialAction\":[{\"@type\":\"SearchAction\",\"target\":{\"@type\":\"EntryPoint\",\"urlTemplate\":\"https:\\\/\\\/sport.azemad.com\\\/es\\\/?s={search_term_string}\"},\"query-input\":{\"@type\":\"PropertyValueSpecification\",\"valueRequired\":true,\"valueName\":\"search_term_string\"}}],\"inLanguage\":\"es\"},{\"@type\":\"Organization\",\"@id\":\"https:\\\/\\\/sport.azemad.com\\\/es\\\/#organization\",\"name\":\"AZEMAD Sport\",\"alternateName\":\"Azemad Sport\",\"url\":\"https:\\\/\\\/sport.azemad.com\\\/es\\\/\",\"logo\":{\"@type\":\"ImageObject\",\"inLanguage\":\"es\",\"@id\":\"https:\\\/\\\/sport.azemad.com\\\/es\\\/#\\\/schema\\\/logo\\\/image\\\/\",\"url\":\"https:\\\/\\\/sport.azemad.com\\\/wp-content\\\/uploads\\\/2023\\\/10\\\/favicon.png\",\"contentUrl\":\"https:\\\/\\\/sport.azemad.com\\\/wp-content\\\/uploads\\\/2023\\\/10\\\/favicon.png\",\"width\":256,\"height\":256,\"caption\":\"AZEMAD Sport\"},\"image\":{\"@id\":\"https:\\\/\\\/sport.azemad.com\\\/es\\\/#\\\/schema\\\/logo\\\/image\\\/\"},\"sameAs\":[\"https:\\\/\\\/www.facebook.com\\\/azemadsport\",\"https:\\\/\\\/www.instagram.com\\\/azemad\\\/\",\"https:\\\/\\\/www.youtube.com\\\/c\\\/azemad\",\"https:\\\/\\\/www.linkedin.com\\\/company\\\/azemad\\\/\"]}]}<\/script>\n<!-- \/ Yoast SEO plugin. -->","yoast_head_json":{"title":"Keeper Short -10 - Azemad Sport","description":"Para los j\u00f3venes jugadores comprometidos en mejorar. Ligereza y resistencia con un tama\u00f1o adecuado para los m\u00e1s j\u00f3venes. - Azemad Sport","robots":{"index":"index","follow":"follow","max-snippet":"max-snippet:-1","max-image-preview":"max-image-preview:large","max-video-preview":"max-video-preview:-1"},"canonical":"https:\/\/sport.azemad.com\/es\/producto\/stick-azemad-keeper-short-10\/","og_locale":"es_ES","og_type":"article","og_title":"Keeper Short -10 - Azemad Sport","og_description":"Para los j\u00f3venes jugadores comprometidos en mejorar. Ligereza y resistencia con un tama\u00f1o adecuado para los m\u00e1s j\u00f3venes. - Azemad Sport","og_url":"https:\/\/sport.azemad.com\/es\/producto\/stick-azemad-keeper-short-10\/","og_site_name":"Azemad Sport","article_publisher":"https:\/\/www.facebook.com\/azemadsport","article_modified_time":"2026-04-02T09:01:28+00:00","og_image":[{"width":1080,"height":1080,"url":"https:\/\/sport.azemad.com\/wp-content\/uploads\/AZEMADSport_GR0622_A1_1080X1080.png","type":"image\/png"}],"twitter_card":"summary_large_image","twitter_misc":{"Tiempo de lectura":"1 minuto"},"schema":{"@context":"https:\/\/schema.org","@graph":[{"@type":"WebPage","@id":"https:\/\/sport.azemad.com\/es\/producto\/stick-azemad-keeper-short-10\/","url":"https:\/\/sport.azemad.com\/es\/producto\/stick-azemad-keeper-short-10\/","name":"Keeper Short -10 - Azemad Sport","isPartOf":{"@id":"https:\/\/sport.azemad.com\/es\/#website"},"primaryImageOfPage":{"@id":"https:\/\/sport.azemad.com\/es\/producto\/stick-azemad-keeper-short-10\/#primaryimage"},"image":{"@id":"https:\/\/sport.azemad.com\/es\/producto\/stick-azemad-keeper-short-10\/#primaryimage"},"thumbnailUrl":"https:\/\/sport.azemad.com\/wp-content\/uploads\/AZEMADSport_GR0622_A1_1080X1080.png","datePublished":"2024-05-15T13:58:45+00:00","dateModified":"2026-04-02T09:01:28+00:00","description":"Para los j\u00f3venes jugadores comprometidos en mejorar. Ligereza y resistencia con un tama\u00f1o adecuado para los m\u00e1s j\u00f3venes. - Azemad Sport","breadcrumb":{"@id":"https:\/\/sport.azemad.com\/es\/producto\/stick-azemad-keeper-short-10\/#breadcrumb"},"inLanguage":"es","potentialAction":[{"@type":"ReadAction","target":["https:\/\/sport.azemad.com\/es\/producto\/stick-azemad-keeper-short-10\/"]}]},{"@type":"ImageObject","inLanguage":"es","@id":"https:\/\/sport.azemad.com\/es\/producto\/stick-azemad-keeper-short-10\/#primaryimage","url":"https:\/\/sport.azemad.com\/wp-content\/uploads\/AZEMADSport_GR0622_A1_1080X1080.png","contentUrl":"https:\/\/sport.azemad.com\/wp-content\/uploads\/AZEMADSport_GR0622_A1_1080X1080.png","width":1080,"height":1080},{"@type":"BreadcrumbList","@id":"https:\/\/sport.azemad.com\/es\/producto\/stick-azemad-keeper-short-10\/#breadcrumb","itemListElement":[{"@type":"ListItem","position":1,"name":"In\u00edcio","item":"https:\/\/sport.azemad.com\/es\/"},{"@type":"ListItem","position":2,"name":"Tienda","item":"https:\/\/sport.azemad.com\/es\/tienda\/"},{"@type":"ListItem","position":3,"name":"Keeper Short -10"}]},{"@type":"WebSite","@id":"https:\/\/sport.azemad.com\/es\/#website","url":"https:\/\/sport.azemad.com\/es\/","name":"Azemad Sport","description":"Artigos e Cat\u00e1logo para H\u00f3quei em Patins","publisher":{"@id":"https:\/\/sport.azemad.com\/es\/#organization"},"potentialAction":[{"@type":"SearchAction","target":{"@type":"EntryPoint","urlTemplate":"https:\/\/sport.azemad.com\/es\/?s={search_term_string}"},"query-input":{"@type":"PropertyValueSpecification","valueRequired":true,"valueName":"search_term_string"}}],"inLanguage":"es"},{"@type":"Organization","@id":"https:\/\/sport.azemad.com\/es\/#organization","name":"AZEMAD Sport","alternateName":"Azemad Sport","url":"https:\/\/sport.azemad.com\/es\/","logo":{"@type":"ImageObject","inLanguage":"es","@id":"https:\/\/sport.azemad.com\/es\/#\/schema\/logo\/image\/","url":"https:\/\/sport.azemad.com\/wp-content\/uploads\/2023\/10\/favicon.png","contentUrl":"https:\/\/sport.azemad.com\/wp-content\/uploads\/2023\/10\/favicon.png","width":256,"height":256,"caption":"AZEMAD Sport"},"image":{"@id":"https:\/\/sport.azemad.com\/es\/#\/schema\/logo\/image\/"},"sameAs":["https:\/\/www.facebook.com\/azemadsport","https:\/\/www.instagram.com\/azemad\/","https:\/\/www.youtube.com\/c\/azemad","https:\/\/www.linkedin.com\/company\/azemad\/"]}]}},"_links":{"self":[{"href":"https:\/\/sport.azemad.com\/es\/wp-json\/wp\/v2\/product\/72425","targetHints":{"allow":["GET"]}}],"collection":[{"href":"https:\/\/sport.azemad.com\/es\/wp-json\/wp\/v2\/product"}],"about":[{"href":"https:\/\/sport.azemad.com\/es\/wp-json\/wp\/v2\/types\/product"}],"wp:featuredmedia":[{"embeddable":true,"href":"https:\/\/sport.azemad.com\/es\/wp-json\/wp\/v2\/media\/177302"}],"wp:attachment":[{"href":"https:\/\/sport.azemad.com\/es\/wp-json\/wp\/v2\/media?parent=72425"}],"wp:term":[{"taxonomy":"product_brand","embeddable":true,"href":"https:\/\/sport.azemad.com\/es\/wp-json\/wp\/v2\/product_brand?post=72425"},{"taxonomy":"product_cat","embeddable":true,"href":"https:\/\/sport.azemad.com\/es\/wp-json\/wp\/v2\/product_cat?post=72425"},{"taxonomy":"product_tag","embeddable":true,"href":"https:\/\/sport.azemad.com\/es\/wp-json\/wp\/v2\/product_tag?post=72425"}],"curies":[{"name":"wp","href":"https:\/\/api.w.org\/{rel}","templated":true}]}}