{"id":72441,"date":"2024-05-15T14:59:29","date_gmt":"2024-05-15T13:59:29","guid":{"rendered":"https:\/\/azemad.assemble.website\/produto\/stick-azemad-keeper-gt10-beginner\/"},"modified":"2026-04-02T10:00:48","modified_gmt":"2026-04-02T09:00:48","slug":"stick-azemad-keeper-gt10-beginner","status":"publish","type":"product","link":"https:\/\/sport.azemad.com\/es\/producto\/stick-azemad-keeper-gt10-beginner\/","title":{"rendered":"GT10 Beginner"},"content":{"rendered":"<p>Es un stick de fibra ultraligera, 100% compuesto, con un mango delgado que promueve una mayor agilidad y destreza entre los postes, ideal para que los j\u00f3venes porteros desarrollen su habilidad en el manejo del stick. La caracter\u00edstica principal de este stick es su pala de menor longitud, lo que se convierte en una ventaja debido a una mejor distribuci\u00f3n de peso y equilibrio del stick. Con la pala m\u00e1s corta, esta caracter\u00edstica ayuda a reducir las faltas involuntarias, lo que permite una mayor intervenci\u00f3n del portero en su \u00e1rea de acci\u00f3n.<\/p>\n","protected":false},"excerpt":{"rendered":"<p>El stick que revolucion\u00f3 la forma de defender adaptado a la evoluci\u00f3n de los m\u00e1s peque\u00f1os. Con 10 cm menos. Proporciona una agilidad superior con una mejor capacidad de intervenci\u00f3n.<\/p>\n","protected":false},"featured_media":177284,"template":"","meta":{"_acf_changed":false},"product_brand":[],"product_cat":[6411,6417],"product_tag":[],"class_list":{"0":"post-72441","1":"product","2":"type-product","3":"status-publish","4":"has-post-thumbnail","6":"product_cat-stick-stick-mango-costumized-es-04cst","7":"product_cat-stick-stick-mango-keeper-es-04kep","8":"pa_cor-blanco_es","9":"pa_cor-rojo_es","10":"pa_cor-verde_es","11":"pa_gama-mini-hockey_es","12":"pa_posicao-portero_es","14":"first","15":"instock","16":"taxable","17":"shipping-taxable","18":"purchasable","19":"product-type-variable"},"acf":[],"yoast_head":"<!-- This site is optimized with the Yoast SEO plugin v27.3 - https:\/\/yoast.com\/product\/yoast-seo-wordpress\/ -->\n<title>GT10 Beginner - Azemad Sport<\/title>\n<meta name=\"description\" content=\"El stick que revolucion\u00f3 la forma de defender adaptado a la evoluci\u00f3n de los m\u00e1s peque\u00f1os. Con 10 cm menos. Proporciona una agilidad superior con una mejor capacidad de intervenci\u00f3n. - Azemad Sport\" \/>\n<meta name=\"robots\" content=\"index, follow, max-snippet:-1, max-image-preview:large, max-video-preview:-1\" \/>\n<link rel=\"canonical\" href=\"https:\/\/sport.azemad.com\/es\/producto\/stick-azemad-keeper-gt10-beginner\/\" \/>\n<meta property=\"og:locale\" content=\"es_ES\" \/>\n<meta property=\"og:type\" content=\"article\" \/>\n<meta property=\"og:title\" content=\"GT10 Beginner - Azemad Sport\" \/>\n<meta property=\"og:description\" content=\"El stick que revolucion\u00f3 la forma de defender adaptado a la evoluci\u00f3n de los m\u00e1s peque\u00f1os. Con 10 cm menos. Proporciona una agilidad superior con una mejor capacidad de intervenci\u00f3n. - Azemad Sport\" \/>\n<meta property=\"og:url\" content=\"https:\/\/sport.azemad.com\/es\/producto\/stick-azemad-keeper-gt10-beginner\/\" \/>\n<meta property=\"og:site_name\" content=\"Azemad Sport\" \/>\n<meta property=\"article:publisher\" content=\"https:\/\/www.facebook.com\/azemadsport\" \/>\n<meta property=\"article:modified_time\" content=\"2026-04-02T09:00:48+00:00\" \/>\n<meta property=\"og:image\" content=\"https:\/\/sport.azemad.com\/wp-content\/uploads\/AZEMADSport_GR0626-R_A1_1080X1080.png\" \/>\n\t<meta property=\"og:image:width\" content=\"1080\" \/>\n\t<meta property=\"og:image:height\" content=\"1080\" \/>\n\t<meta property=\"og:image:type\" content=\"image\/png\" \/>\n<meta name=\"twitter:card\" content=\"summary_large_image\" \/>\n<script type=\"application\/ld+json\" class=\"yoast-schema-graph\">{\"@context\":\"https:\\\/\\\/schema.org\",\"@graph\":[{\"@type\":\"WebPage\",\"@id\":\"https:\\\/\\\/sport.azemad.com\\\/es\\\/producto\\\/stick-azemad-keeper-gt10-beginner\\\/\",\"url\":\"https:\\\/\\\/sport.azemad.com\\\/es\\\/producto\\\/stick-azemad-keeper-gt10-beginner\\\/\",\"name\":\"GT10 Beginner - Azemad Sport\",\"isPartOf\":{\"@id\":\"https:\\\/\\\/sport.azemad.com\\\/es\\\/#website\"},\"primaryImageOfPage\":{\"@id\":\"https:\\\/\\\/sport.azemad.com\\\/es\\\/producto\\\/stick-azemad-keeper-gt10-beginner\\\/#primaryimage\"},\"image\":{\"@id\":\"https:\\\/\\\/sport.azemad.com\\\/es\\\/producto\\\/stick-azemad-keeper-gt10-beginner\\\/#primaryimage\"},\"thumbnailUrl\":\"https:\\\/\\\/sport.azemad.com\\\/wp-content\\\/uploads\\\/AZEMADSport_GR0626-R_A1_1080X1080.png\",\"datePublished\":\"2024-05-15T13:59:29+00:00\",\"dateModified\":\"2026-04-02T09:00:48+00:00\",\"description\":\"El stick que revolucion\u00f3 la forma de defender adaptado a la evoluci\u00f3n de los m\u00e1s peque\u00f1os. Con 10 cm menos. Proporciona una agilidad superior con una mejor capacidad de intervenci\u00f3n. - Azemad Sport\",\"breadcrumb\":{\"@id\":\"https:\\\/\\\/sport.azemad.com\\\/es\\\/producto\\\/stick-azemad-keeper-gt10-beginner\\\/#breadcrumb\"},\"inLanguage\":\"es\",\"potentialAction\":[{\"@type\":\"ReadAction\",\"target\":[\"https:\\\/\\\/sport.azemad.com\\\/es\\\/producto\\\/stick-azemad-keeper-gt10-beginner\\\/\"]}]},{\"@type\":\"ImageObject\",\"inLanguage\":\"es\",\"@id\":\"https:\\\/\\\/sport.azemad.com\\\/es\\\/producto\\\/stick-azemad-keeper-gt10-beginner\\\/#primaryimage\",\"url\":\"https:\\\/\\\/sport.azemad.com\\\/wp-content\\\/uploads\\\/AZEMADSport_GR0626-R_A1_1080X1080.png\",\"contentUrl\":\"https:\\\/\\\/sport.azemad.com\\\/wp-content\\\/uploads\\\/AZEMADSport_GR0626-R_A1_1080X1080.png\",\"width\":1080,\"height\":1080},{\"@type\":\"BreadcrumbList\",\"@id\":\"https:\\\/\\\/sport.azemad.com\\\/es\\\/producto\\\/stick-azemad-keeper-gt10-beginner\\\/#breadcrumb\",\"itemListElement\":[{\"@type\":\"ListItem\",\"position\":1,\"name\":\"In\u00edcio\",\"item\":\"https:\\\/\\\/sport.azemad.com\\\/es\\\/\"},{\"@type\":\"ListItem\",\"position\":2,\"name\":\"Tienda\",\"item\":\"https:\\\/\\\/sport.azemad.com\\\/es\\\/tienda\\\/\"},{\"@type\":\"ListItem\",\"position\":3,\"name\":\"GT10 Beginner\"}]},{\"@type\":\"WebSite\",\"@id\":\"https:\\\/\\\/sport.azemad.com\\\/es\\\/#website\",\"url\":\"https:\\\/\\\/sport.azemad.com\\\/es\\\/\",\"name\":\"Azemad Sport\",\"description\":\"Artigos e Cat\u00e1logo para H\u00f3quei em Patins\",\"publisher\":{\"@id\":\"https:\\\/\\\/sport.azemad.com\\\/es\\\/#organization\"},\"potentialAction\":[{\"@type\":\"SearchAction\",\"target\":{\"@type\":\"EntryPoint\",\"urlTemplate\":\"https:\\\/\\\/sport.azemad.com\\\/es\\\/?s={search_term_string}\"},\"query-input\":{\"@type\":\"PropertyValueSpecification\",\"valueRequired\":true,\"valueName\":\"search_term_string\"}}],\"inLanguage\":\"es\"},{\"@type\":\"Organization\",\"@id\":\"https:\\\/\\\/sport.azemad.com\\\/es\\\/#organization\",\"name\":\"AZEMAD Sport\",\"alternateName\":\"Azemad Sport\",\"url\":\"https:\\\/\\\/sport.azemad.com\\\/es\\\/\",\"logo\":{\"@type\":\"ImageObject\",\"inLanguage\":\"es\",\"@id\":\"https:\\\/\\\/sport.azemad.com\\\/es\\\/#\\\/schema\\\/logo\\\/image\\\/\",\"url\":\"https:\\\/\\\/sport.azemad.com\\\/wp-content\\\/uploads\\\/2023\\\/10\\\/favicon.png\",\"contentUrl\":\"https:\\\/\\\/sport.azemad.com\\\/wp-content\\\/uploads\\\/2023\\\/10\\\/favicon.png\",\"width\":256,\"height\":256,\"caption\":\"AZEMAD Sport\"},\"image\":{\"@id\":\"https:\\\/\\\/sport.azemad.com\\\/es\\\/#\\\/schema\\\/logo\\\/image\\\/\"},\"sameAs\":[\"https:\\\/\\\/www.facebook.com\\\/azemadsport\",\"https:\\\/\\\/www.instagram.com\\\/azemad\\\/\",\"https:\\\/\\\/www.youtube.com\\\/c\\\/azemad\",\"https:\\\/\\\/www.linkedin.com\\\/company\\\/azemad\\\/\"]}]}<\/script>\n<!-- \/ Yoast SEO plugin. -->","yoast_head_json":{"title":"GT10 Beginner - Azemad Sport","description":"El stick que revolucion\u00f3 la forma de defender adaptado a la evoluci\u00f3n de los m\u00e1s peque\u00f1os. Con 10 cm menos. Proporciona una agilidad superior con una mejor capacidad de intervenci\u00f3n. - Azemad Sport","robots":{"index":"index","follow":"follow","max-snippet":"max-snippet:-1","max-image-preview":"max-image-preview:large","max-video-preview":"max-video-preview:-1"},"canonical":"https:\/\/sport.azemad.com\/es\/producto\/stick-azemad-keeper-gt10-beginner\/","og_locale":"es_ES","og_type":"article","og_title":"GT10 Beginner - Azemad Sport","og_description":"El stick que revolucion\u00f3 la forma de defender adaptado a la evoluci\u00f3n de los m\u00e1s peque\u00f1os. Con 10 cm menos. Proporciona una agilidad superior con una mejor capacidad de intervenci\u00f3n. - Azemad Sport","og_url":"https:\/\/sport.azemad.com\/es\/producto\/stick-azemad-keeper-gt10-beginner\/","og_site_name":"Azemad Sport","article_publisher":"https:\/\/www.facebook.com\/azemadsport","article_modified_time":"2026-04-02T09:00:48+00:00","og_image":[{"width":1080,"height":1080,"url":"https:\/\/sport.azemad.com\/wp-content\/uploads\/AZEMADSport_GR0626-R_A1_1080X1080.png","type":"image\/png"}],"twitter_card":"summary_large_image","schema":{"@context":"https:\/\/schema.org","@graph":[{"@type":"WebPage","@id":"https:\/\/sport.azemad.com\/es\/producto\/stick-azemad-keeper-gt10-beginner\/","url":"https:\/\/sport.azemad.com\/es\/producto\/stick-azemad-keeper-gt10-beginner\/","name":"GT10 Beginner - Azemad Sport","isPartOf":{"@id":"https:\/\/sport.azemad.com\/es\/#website"},"primaryImageOfPage":{"@id":"https:\/\/sport.azemad.com\/es\/producto\/stick-azemad-keeper-gt10-beginner\/#primaryimage"},"image":{"@id":"https:\/\/sport.azemad.com\/es\/producto\/stick-azemad-keeper-gt10-beginner\/#primaryimage"},"thumbnailUrl":"https:\/\/sport.azemad.com\/wp-content\/uploads\/AZEMADSport_GR0626-R_A1_1080X1080.png","datePublished":"2024-05-15T13:59:29+00:00","dateModified":"2026-04-02T09:00:48+00:00","description":"El stick que revolucion\u00f3 la forma de defender adaptado a la evoluci\u00f3n de los m\u00e1s peque\u00f1os. Con 10 cm menos. Proporciona una agilidad superior con una mejor capacidad de intervenci\u00f3n. - Azemad Sport","breadcrumb":{"@id":"https:\/\/sport.azemad.com\/es\/producto\/stick-azemad-keeper-gt10-beginner\/#breadcrumb"},"inLanguage":"es","potentialAction":[{"@type":"ReadAction","target":["https:\/\/sport.azemad.com\/es\/producto\/stick-azemad-keeper-gt10-beginner\/"]}]},{"@type":"ImageObject","inLanguage":"es","@id":"https:\/\/sport.azemad.com\/es\/producto\/stick-azemad-keeper-gt10-beginner\/#primaryimage","url":"https:\/\/sport.azemad.com\/wp-content\/uploads\/AZEMADSport_GR0626-R_A1_1080X1080.png","contentUrl":"https:\/\/sport.azemad.com\/wp-content\/uploads\/AZEMADSport_GR0626-R_A1_1080X1080.png","width":1080,"height":1080},{"@type":"BreadcrumbList","@id":"https:\/\/sport.azemad.com\/es\/producto\/stick-azemad-keeper-gt10-beginner\/#breadcrumb","itemListElement":[{"@type":"ListItem","position":1,"name":"In\u00edcio","item":"https:\/\/sport.azemad.com\/es\/"},{"@type":"ListItem","position":2,"name":"Tienda","item":"https:\/\/sport.azemad.com\/es\/tienda\/"},{"@type":"ListItem","position":3,"name":"GT10 Beginner"}]},{"@type":"WebSite","@id":"https:\/\/sport.azemad.com\/es\/#website","url":"https:\/\/sport.azemad.com\/es\/","name":"Azemad Sport","description":"Artigos e Cat\u00e1logo para H\u00f3quei em Patins","publisher":{"@id":"https:\/\/sport.azemad.com\/es\/#organization"},"potentialAction":[{"@type":"SearchAction","target":{"@type":"EntryPoint","urlTemplate":"https:\/\/sport.azemad.com\/es\/?s={search_term_string}"},"query-input":{"@type":"PropertyValueSpecification","valueRequired":true,"valueName":"search_term_string"}}],"inLanguage":"es"},{"@type":"Organization","@id":"https:\/\/sport.azemad.com\/es\/#organization","name":"AZEMAD Sport","alternateName":"Azemad Sport","url":"https:\/\/sport.azemad.com\/es\/","logo":{"@type":"ImageObject","inLanguage":"es","@id":"https:\/\/sport.azemad.com\/es\/#\/schema\/logo\/image\/","url":"https:\/\/sport.azemad.com\/wp-content\/uploads\/2023\/10\/favicon.png","contentUrl":"https:\/\/sport.azemad.com\/wp-content\/uploads\/2023\/10\/favicon.png","width":256,"height":256,"caption":"AZEMAD Sport"},"image":{"@id":"https:\/\/sport.azemad.com\/es\/#\/schema\/logo\/image\/"},"sameAs":["https:\/\/www.facebook.com\/azemadsport","https:\/\/www.instagram.com\/azemad\/","https:\/\/www.youtube.com\/c\/azemad","https:\/\/www.linkedin.com\/company\/azemad\/"]}]}},"_links":{"self":[{"href":"https:\/\/sport.azemad.com\/es\/wp-json\/wp\/v2\/product\/72441","targetHints":{"allow":["GET"]}}],"collection":[{"href":"https:\/\/sport.azemad.com\/es\/wp-json\/wp\/v2\/product"}],"about":[{"href":"https:\/\/sport.azemad.com\/es\/wp-json\/wp\/v2\/types\/product"}],"wp:featuredmedia":[{"embeddable":true,"href":"https:\/\/sport.azemad.com\/es\/wp-json\/wp\/v2\/media\/177284"}],"wp:attachment":[{"href":"https:\/\/sport.azemad.com\/es\/wp-json\/wp\/v2\/media?parent=72441"}],"wp:term":[{"taxonomy":"product_brand","embeddable":true,"href":"https:\/\/sport.azemad.com\/es\/wp-json\/wp\/v2\/product_brand?post=72441"},{"taxonomy":"product_cat","embeddable":true,"href":"https:\/\/sport.azemad.com\/es\/wp-json\/wp\/v2\/product_cat?post=72441"},{"taxonomy":"product_tag","embeddable":true,"href":"https:\/\/sport.azemad.com\/es\/wp-json\/wp\/v2\/product_tag?post=72441"}],"curies":[{"name":"wp","href":"https:\/\/api.w.org\/{rel}","templated":true}]}}